{"id":847,"date":"2018-01-22T02:01:46","date_gmt":"2018-01-22T02:01:46","guid":{"rendered":"https:\/\/chileenunacaja.cl\/?page_id=847"},"modified":"2018-03-01T02:36:16","modified_gmt":"2018-03-01T02:36:16","slug":"como-comprar","status":"publish","type":"page","link":"https:\/\/chileenunacaja.cl\/inicio\/como-comprar\/","title":{"rendered":"COMO COMPRAR"},"content":{"rendered":"<p>[et_pb_section bb_built=&#8221;1&#8243; admin_label=&#8221;section&#8221; background_image=&#8221;https:\/\/chileenunacaja.cl\/wp-content\/uploads\/2017\/10\/top-madera-oscura.jpg&#8221; transparent_background=&#8221;off&#8221; parallax=&#8221;on&#8221; custom_padding=&#8221;40px||40px|&#8221; _builder_version=&#8221;3.0.85&#8243; background_color=&#8221;#ffffff&#8221;][et_pb_row admin_label=&#8221;row&#8221; make_fullwidth=&#8221;off&#8221; use_custom_width=&#8221;off&#8221; width_unit=&#8221;on&#8221; use_custom_gutter=&#8221;off&#8221; allow_player_pause=&#8221;off&#8221; parallax=&#8221;on&#8221; parallax_method=&#8221;on&#8221; make_equal=&#8221;off&#8221; background_position=&#8221;top_left&#8221; background_repeat=&#8221;repeat&#8221; background_size=&#8221;initial&#8221;][et_pb_column type=&#8221;4_4&#8243;][et_pb_text background_layout=&#8221;light&#8221; _builder_version=&#8221;3.0.85&#8243;]<\/p>\n<h1><span style=\"color: #ffffff;\">C\u00f3mo comprar en Chile en una Caja <\/span><\/h1>\n<p>[\/et_pb_text][\/et_pb_column][\/et_pb_row][\/et_pb_section][et_pb_section bb_built=&#8221;1&#8243; fullwidth=&#8221;off&#8221; specialty=&#8221;off&#8221; transparent_background=&#8221;off&#8221; parallax=&#8221;on&#8221; custom_padding=&#8221;60px||60px|&#8221; _builder_version=&#8221;3.0.85&#8243;][et_pb_row][et_pb_column type=&#8221;3_4&#8243;][et_pb_text _builder_version=&#8221;3.0.85&#8243; background_layout=&#8221;light&#8221;]<\/p>\n<h3 style=\"text-align: center;\"><span style=\"color: #9e5711;\">Gracias por elegir nuestros servicios, a continuaci\u00f3n les se\u00f1alaremos los puntos importantes para comprar en nuestra empresa.<\/span><\/h3>\n<p>&nbsp;<\/p>\n<h4><strong><span style=\"color: #9e5711;\">Cotizaci\u00f3n en l\u00ednea:<\/span><\/strong><\/h4>\n<p>Seleccione los productos que quiere cotizar indicando claramente las cantidades; luego de recibir su requerimiento (correo) le enviaremos una cotizaci\u00f3n formal.<\/p>\n<p>&nbsp;<\/p>\n<h4><strong><span style=\"color: #9e5711;\">Presentaci\u00f3n:<\/span><\/strong><\/h4>\n<p>Todos nuestros productos vienen acompa\u00f1ados con una tarjeta personalizada con el logo y saludo que determine la empresa.<\/p>\n<p>Gran parte de nuestros productos posee la incorporaci\u00f3n de un logo, esto se encuentra detallado en la descripci\u00f3n de cada producto.<\/p>\n<p>Los productos vienen listos para ser entregados al cliente final, ya sean presentados en cajas, bolsas de papel kraft, envueltos en papel, bolsas ecol\u00f3gicas etc.<\/p>\n<p>&nbsp;<\/p>\n<h4><strong><span style=\"color: #9e5711;\">Fechas de entrega:<\/span><\/strong><\/h4>\n<p>Debido que gran parte de nuestros productos son confeccionados a mano y mecanizados, se requiere un tiempo de preparaci\u00f3n. el cual va a depender de la cantidad y del tipo de producto. Cons\u00faltenos.<\/p>\n<p>&nbsp;<\/p>\n<h4><span style=\"color: #9e5711;\"><strong>Lugar de entrega:<\/strong><\/span><\/h4>\n<p>El lugar de entrega de sus regalos es en nuestra oficina en Las Condes, si desea que los regalos sean despachados a una direcci\u00f3n solicitar cotizaci\u00f3n.<\/p>\n<p>&nbsp;<\/p>\n<h4><strong><span style=\"color: #9e5711;\">Precios:<\/span><\/strong><\/h4>\n<p>A los precios publicados en la p\u00e1gina web hay que agregarles el IVA (19%).<\/p>\n<p>Existe una cantidad m\u00ednima de compra se\u00f1alado en cada categor\u00eda.<\/p>\n<p>&nbsp;<\/p>\n<h4><strong><span style=\"color: #9e5711;\">Cambios y devoluciones:<\/span><\/strong><\/h4>\n<p>No se admiten cambios ni devoluciones, excepto si el producto tiene defectos.<\/p>\n<p>&nbsp;<\/p>\n<h4><strong><span style=\"color: #9e5711;\">Env\u00edo a regiones:<\/span><\/strong><\/h4>\n<p>Enviamos a regiones, por pagar mediante compa\u00f1\u00edas externas de transporte.<\/p>\n<p>Los regalos son embalados y rotulados de manera correcta pero la responsabilidad por los da\u00f1os sufridos y\/o tiempos de entrega corresponder\u00e1 a la empresa prestadora del servicio.<\/p>\n<p>[\/et_pb_text][\/et_pb_column][et_pb_column type=&#8221;1_4&#8243;][et_pb_sidebar orientation=&#8221;right&#8221; area=&#8221;sidebar-1&#8243; background_layout=&#8221;light&#8221; remove_border=&#8221;off&#8221; show_border=&#8221;on&#8221; \/][\/et_pb_column][\/et_pb_row][\/et_pb_section]<\/p>\n","protected":false},"excerpt":{"rendered":"<p>[et_pb_section bb_built=&#8221;1&#8243; admin_label=&#8221;section&#8221; background_image=&#8221;https:\/\/chileenunacaja.cl\/wp-content\/uploads\/2017\/10\/top-madera-oscura.jpg&#8221; transparent_background=&#8221;off&#8221; parallax=&#8221;on&#8221; custom_padding=&#8221;40px||40px|&#8221; _builder_version=&#8221;3.0.85&#8243; background_color=&#8221;#ffffff&#8221;][et_pb_row admin_label=&#8221;row&#8221; make_fullwidth=&#8221;off&#8221; use_custom_width=&#8221;off&#8221; width_unit=&#8221;on&#8221; use_custom_gutter=&#8221;off&#8221; allow_player_pause=&#8221;off&#8221; parallax=&#8221;on&#8221; parallax_method=&#8221;on&#8221; make_equal=&#8221;off&#8221; background_position=&#8221;top_left&#8221; background_repeat=&#8221;repeat&#8221; background_size=&#8221;initial&#8221;][et_pb_column type=&#8221;4_4&#8243;][et_pb_text background_layout=&#8221;light&#8221; _builder_version=&#8221;3.0.85&#8243;] C\u00f3mo comprar en Chile en una Caja [\/et_pb_text][\/et_pb_column][\/et_pb_row][\/et_pb_section][et_pb_section bb_built=&#8221;1&#8243; fullwidth=&#8221;off&#8221; specialty=&#8221;off&#8221; transparent_background=&#8221;off&#8221; parallax=&#8221;on&#8221; custom_padding=&#8221;60px||60px|&#8221; _builder_version=&#8221;3.0.85&#8243;][et_pb_row][et_pb_column type=&#8221;3_4&#8243;][et_pb_text _builder_version=&#8221;3.0.85&#8243; background_layout=&#8221;light&#8221;] Gracias por elegir nuestros servicios, a continuaci\u00f3n les se\u00f1alaremos los puntos importantes para [&hellip;]<\/p>\n","protected":false},"author":1,"featured_media":0,"parent":0,"menu_order":0,"comment_status":"closed","ping_status":"closed","template":"","meta":{"_et_pb_use_builder":"on","_et_pb_old_content":"","footnotes":""},"class_list":["post-847","page","type-page","status-publish","hentry"],"_links":{"self":[{"href":"https:\/\/chileenunacaja.cl\/inicio\/wp-json\/wp\/v2\/pages\/847","targetHints":{"allow":["GET"]}}],"collection":[{"href":"https:\/\/chileenunacaja.cl\/inicio\/wp-json\/wp\/v2\/pages"}],"about":[{"href":"https:\/\/chileenunacaja.cl\/inicio\/wp-json\/wp\/v2\/types\/page"}],"author":[{"embeddable":true,"href":"https:\/\/chileenunacaja.cl\/inicio\/wp-json\/wp\/v2\/users\/1"}],"replies":[{"embeddable":true,"href":"https:\/\/chileenunacaja.cl\/inicio\/wp-json\/wp\/v2\/comments?post=847"}],"version-history":[{"count":0,"href":"https:\/\/chileenunacaja.cl\/inicio\/wp-json\/wp\/v2\/pages\/847\/revisions"}],"wp:attachment":[{"href":"https:\/\/chileenunacaja.cl\/inicio\/wp-json\/wp\/v2\/media?parent=847"}],"curies":[{"name":"wp","href":"https:\/\/api.w.org\/{rel}","templated":true}]}}