{"id":1089,"date":"2018-02-23T17:30:30","date_gmt":"2018-02-23T17:30:30","guid":{"rendered":"https:\/\/chileenunacaja.cl\/?post_type=product&#038;p=1089"},"modified":"2025-12-11T13:21:31","modified_gmt":"2025-12-11T13:21:31","slug":"boligrafo-de-cobre-en-caja-de-madera","status":"publish","type":"product","link":"https:\/\/chileenunacaja.cl\/inicio\/producto\/boligrafo-de-cobre-en-caja-de-madera\/","title":{"rendered":"Bol\u00edgrafo de cobre en caja de madera *CORCOB001"},"content":{"rendered":"<p>Bol\u00edgrafo de cobre representativo de Chile, presentado en caja de madera nativa en raul\u00ed.<\/p>\n<p>Realizado por artesanos de la regi\u00f3n de la Araucan\u00eda. Incluye logo de la empresa en cualquiera de los dos elementos.<\/p>\n<p>Incluye Tarjeta.<\/p>\n","protected":false},"excerpt":{"rendered":"<p><strong>COD: *CORCOB001<br \/>\n<\/strong><\/p>\n<p>Bol\u00edgrafo de cobre representativo de Chile, presentado en caja de madera nativa en ra\u00edl.<\/p>\n<h6><strong>Precios en base a 30 unidades.<\/strong> Descuentos por 50, 100, 300 y 500 unidades. Precios no incluyen IVA.\u00a0<em><a href=\"https:\/\/chileenunacaja.cl\/tabla-de-descuentos\/\"><strong>Ver<\/strong> <strong>tabla de descuentos.\u00a0<\/strong><\/a><\/em><\/h6>\n<p>&nbsp;<\/p>\n","protected":false},"featured_media":1171,"template":"","meta":{"_et_pb_use_builder":"","_et_pb_old_content":""},"class_list":["post-1089","product","type-product","status-publish","has-post-thumbnail","hentry","product_cat-cobre","product_cat-hombre-extranjero-2","product_cat-hombre-extranjero","product_cat-hombres","product_cat-hombres-log"],"_links":{"self":[{"href":"https:\/\/chileenunacaja.cl\/inicio\/wp-json\/wp\/v2\/product\/1089","targetHints":{"allow":["GET"]}}],"collection":[{"href":"https:\/\/chileenunacaja.cl\/inicio\/wp-json\/wp\/v2\/product"}],"about":[{"href":"https:\/\/chileenunacaja.cl\/inicio\/wp-json\/wp\/v2\/types\/product"}],"wp:featuredmedia":[{"embeddable":true,"href":"https:\/\/chileenunacaja.cl\/inicio\/wp-json\/wp\/v2\/media\/1171"}],"wp:attachment":[{"href":"https:\/\/chileenunacaja.cl\/inicio\/wp-json\/wp\/v2\/media?parent=1089"}],"curies":[{"name":"wp","href":"https:\/\/api.w.org\/{rel}","templated":true}]}}