{"id":1091,"date":"2018-02-23T17:41:53","date_gmt":"2018-02-23T17:41:53","guid":{"rendered":"https:\/\/chileenunacaja.cl\/?post_type=product&#038;p=1091"},"modified":"2026-02-04T22:18:02","modified_gmt":"2026-02-04T22:18:02","slug":"boligrafo-de-cobre-en-caja-fina-de-carton","status":"publish","type":"product","link":"https:\/\/chileenunacaja.cl\/inicio\/producto\/boligrafo-de-cobre-en-caja-fina-de-carton\/","title":{"rendered":"Bol\u00edgrafo de cobre en caja fina de cart\u00f3n *CORCOB002"},"content":{"rendered":"<p>Bol\u00edgrafo de cobre representativo de nuestro pa\u00eds, con caja de cart\u00f3n .<br \/>\nPosee grabado del bol\u00edgrafo.<br \/>\nIncluye tarjeta.<\/p>\n","protected":false},"excerpt":{"rendered":"<p><strong>COD: *CORCOB002<\/strong><\/p>\n<p>Bol\u00edgrafo de cobre representativo de nuestro pa\u00eds, en caja de cart\u00f3n .<\/p>\n<h6><strong>Precios en base a 30 unidades.<\/strong> Descuentos por 50, 100, 300 y 500 unidades. Precios no incluyen IVA.\u00a0<em><a href=\"https:\/\/chileenunacaja.cl\/tabla-de-descuentos\/\"><strong>Ver<\/strong> <strong>tabla de descuentos.\u00a0<\/strong><\/a><\/em><\/h6>\n<p>&nbsp;<\/p>\n","protected":false},"featured_media":4378,"template":"","meta":{"_et_pb_use_builder":"","_et_pb_old_content":""},"class_list":["post-1091","product","type-product","status-publish","has-post-thumbnail","hentry","product_cat-cobre","product_cat-dias-especiales","product_cat-hombre-extranjero-2","product_cat-hombre-extranjero","product_cat-hombres","product_cat-hombres-log","product_cat-ofertas"],"_links":{"self":[{"href":"https:\/\/chileenunacaja.cl\/inicio\/wp-json\/wp\/v2\/product\/1091","targetHints":{"allow":["GET"]}}],"collection":[{"href":"https:\/\/chileenunacaja.cl\/inicio\/wp-json\/wp\/v2\/product"}],"about":[{"href":"https:\/\/chileenunacaja.cl\/inicio\/wp-json\/wp\/v2\/types\/product"}],"wp:featuredmedia":[{"embeddable":true,"href":"https:\/\/chileenunacaja.cl\/inicio\/wp-json\/wp\/v2\/media\/4378"}],"wp:attachment":[{"href":"https:\/\/chileenunacaja.cl\/inicio\/wp-json\/wp\/v2\/media?parent=1091"}],"curies":[{"name":"wp","href":"https:\/\/api.w.org\/{rel}","templated":true}]}}