{"id":1092,"date":"2018-02-23T17:45:48","date_gmt":"2018-02-23T17:45:48","guid":{"rendered":"https:\/\/chileenunacaja.cl\/?post_type=product&#038;p=1092"},"modified":"2024-09-02T16:04:02","modified_gmt":"2024-09-02T16:04:02","slug":"tarjetero-de-cobre-en-caja-de-carton","status":"publish","type":"product","link":"https:\/\/chileenunacaja.cl\/inicio\/producto\/tarjetero-de-cobre-en-caja-de-carton\/","title":{"rendered":"Tarjetero de cobre en caja de cart\u00f3n *CORCOB010"},"content":{"rendered":"<p>Hermoso tarjetero de cobre representativo de nuestro pa\u00eds, en caja de cart\u00f3n forrada.<br \/>\nCon grabado del logo en el tarjetero.<br \/>\nIncluye tarjeta.<\/p>\n","protected":false},"excerpt":{"rendered":"<p><strong>COD: *CORCOB010<\/strong><\/p>\n<p>Hermoso tarjetero de cobre representativo de nuestro pa\u00eds, en caja de cart\u00f3n forrada.<\/p>\n<h6><strong>Precios en base a 30 unidades.<\/strong> Descuentos por 50, 100, 300 y 500 unidades. Precios no incluyen IVA.\u00a0<em><a href=\"https:\/\/chileenunacaja.cl\/tabla-de-descuentos\/\"><strong>Ver<\/strong> <strong>tabla de descuentos.\u00a0<\/strong><\/a><\/em><\/h6>\n<p>&nbsp;<\/p>\n","protected":false},"featured_media":1184,"template":"","meta":{"_et_pb_use_builder":"","_et_pb_old_content":""},"class_list":["post-1092","product","type-product","status-publish","has-post-thumbnail","hentry","product_cat-cobre","product_cat-hombre-extranjero-2","product_cat-hombre-extranjero","product_cat-hombres","product_cat-hombres-log"],"_links":{"self":[{"href":"https:\/\/chileenunacaja.cl\/inicio\/wp-json\/wp\/v2\/product\/1092","targetHints":{"allow":["GET"]}}],"collection":[{"href":"https:\/\/chileenunacaja.cl\/inicio\/wp-json\/wp\/v2\/product"}],"about":[{"href":"https:\/\/chileenunacaja.cl\/inicio\/wp-json\/wp\/v2\/types\/product"}],"wp:featuredmedia":[{"embeddable":true,"href":"https:\/\/chileenunacaja.cl\/inicio\/wp-json\/wp\/v2\/media\/1184"}],"wp:attachment":[{"href":"https:\/\/chileenunacaja.cl\/inicio\/wp-json\/wp\/v2\/media?parent=1092"}],"curies":[{"name":"wp","href":"https:\/\/api.w.org\/{rel}","templated":true}]}}