{"id":1094,"date":"2018-02-23T18:01:57","date_gmt":"2018-02-23T18:01:57","guid":{"rendered":"https:\/\/chileenunacaja.cl\/?post_type=product&#038;p=1094"},"modified":"2026-02-04T22:17:52","modified_gmt":"2026-02-04T22:17:52","slug":"bandeja-gres-con-chocolates","status":"publish","type":"product","link":"https:\/\/chileenunacaja.cl\/inicio\/producto\/bandeja-gres-con-chocolates\/","title":{"rendered":"Bandeja gres con chocolates *CORDUL011"},"content":{"rendered":"<p>Pr\u00e1ctica y decorativa bandeja de gres pintada a mano por artesanas de la Regi\u00f3n Metropolitana, existen varios dise\u00f1os y colores.<br \/>\nIncluye estuche con 16 bombones surtidos Bozzo.<br \/>\nPresentaci\u00f3n en caja de cart\u00f3n forrado.<br \/>\nIncluye tarjeta marcalibros con mensaje y logo empresa.<\/p>\n","protected":false},"excerpt":{"rendered":"<p><strong>COD: *CORDUL011<\/strong><\/p>\n<p>Bandeja de gres pintada a mano. Incluye estuche con 16 bombones surtidos Bozzo.<\/p>\n<h6><strong>Precios en base a 30 unidades.<\/strong> Descuentos por 50, 100, 300 y 500 unidades. Precios no incluyen IVA.\u00a0<em><a href=\"https:\/\/chileenunacaja.cl\/tabla-de-descuentos\/\"><strong>Ver<\/strong> <strong>tabla de descuentos.\u00a0<\/strong><\/a><\/em><\/h6>\n<p>&nbsp;<\/p>\n","protected":false},"featured_media":6117,"template":"","meta":{"_et_pb_use_builder":"","_et_pb_old_content":""},"class_list":["post-1094","product","type-product","status-publish","has-post-thumbnail","hentry","product_cat-ceramica","product_cat-gourmet"],"_links":{"self":[{"href":"https:\/\/chileenunacaja.cl\/inicio\/wp-json\/wp\/v2\/product\/1094","targetHints":{"allow":["GET"]}}],"collection":[{"href":"https:\/\/chileenunacaja.cl\/inicio\/wp-json\/wp\/v2\/product"}],"about":[{"href":"https:\/\/chileenunacaja.cl\/inicio\/wp-json\/wp\/v2\/types\/product"}],"wp:featuredmedia":[{"embeddable":true,"href":"https:\/\/chileenunacaja.cl\/inicio\/wp-json\/wp\/v2\/media\/6117"}],"wp:attachment":[{"href":"https:\/\/chileenunacaja.cl\/inicio\/wp-json\/wp\/v2\/media?parent=1094"}],"curies":[{"name":"wp","href":"https:\/\/api.w.org\/{rel}","templated":true}]}}