{"id":1288,"date":"2018-03-01T22:00:44","date_gmt":"2018-03-01T22:00:44","guid":{"rendered":"https:\/\/chileenunacaja.cl\/?post_type=product&#038;p=1288"},"modified":"2024-05-13T23:59:47","modified_gmt":"2024-05-13T23:59:47","slug":"jabon-con-diseno-acuarela","status":"publish","type":"product","link":"https:\/\/chileenunacaja.cl\/inicio\/producto\/jabon-con-diseno-acuarela\/","title":{"rendered":"Jab\u00f3n con dise\u00f1o acuarela *CORMUJ102"},"content":{"rendered":"<p>Exquisito jab\u00f3n natural\u00a0 con dise\u00f1o de acuarela (consultar dise\u00f1os disponibles).<\/p>\n<p>50 grs. Los aromas son: lavanda, violeta, lim\u00f3n, mango, manzana y romero.<\/p>\n<p>Presentaci\u00f3n en caja blanca con dise\u00f1o y cinta.<\/p>\n<p>Incluye peque\u00f1a tarjeta de saludo personalizado.<\/p>\n","protected":false},"excerpt":{"rendered":"<p><strong>COD: *CORMUJ102 <\/strong><\/p>\n<p>Exquisito jab\u00f3n natural\u00a0 con dise\u00f1o de acuarela.<\/p>\n<h6><strong>Precios en base a 30 unidades.<\/strong> Descuentos por 50, 100, 300 y 500 unidades. Precios no incluyen IVA.\u00a0<em><a href=\"https:\/\/chileenunacaja.cl\/tabla-de-descuentos\/\"><strong>Ver<\/strong> <strong>tabla de descuentos.\u00a0<\/strong><\/a><\/em><\/h6>\n<p>&nbsp;<\/p>\n","protected":false},"featured_media":5019,"template":"","meta":{"_et_pb_use_builder":"","_et_pb_old_content":""},"class_list":["post-1288","product","type-product","status-publish","has-post-thumbnail","hentry","product_cat-mujer","product_cat-mujer-log"],"_links":{"self":[{"href":"https:\/\/chileenunacaja.cl\/inicio\/wp-json\/wp\/v2\/product\/1288","targetHints":{"allow":["GET"]}}],"collection":[{"href":"https:\/\/chileenunacaja.cl\/inicio\/wp-json\/wp\/v2\/product"}],"about":[{"href":"https:\/\/chileenunacaja.cl\/inicio\/wp-json\/wp\/v2\/types\/product"}],"wp:featuredmedia":[{"embeddable":true,"href":"https:\/\/chileenunacaja.cl\/inicio\/wp-json\/wp\/v2\/media\/5019"}],"wp:attachment":[{"href":"https:\/\/chileenunacaja.cl\/inicio\/wp-json\/wp\/v2\/media?parent=1288"}],"curies":[{"name":"wp","href":"https:\/\/api.w.org\/{rel}","templated":true}]}}