{"id":1405,"date":"2018-03-05T23:24:50","date_gmt":"2018-03-05T23:24:50","guid":{"rendered":"https:\/\/chileenunacaja.cl\/?post_type=product&#038;p=1405"},"modified":"2018-11-27T02:35:31","modified_gmt":"2018-11-27T02:35:31","slug":"figura-madera-portallaves","status":"publish","type":"product","link":"https:\/\/chileenunacaja.cl\/inicio\/producto\/figura-madera-portallaves\/","title":{"rendered":"Figura madera portallaves *EXNOST023"},"content":{"rendered":"<p>Figura fabricada en madera, cer\u00e1mica y tela enmarcada en madera nativa, fabricada por artesanas de la regi\u00f3n de la Araucan\u00eda, con funcionalidad de portallaves. (19 * 30 cm) Presentaci\u00f3n en papel caf\u00e9 con etiqueta (logo+saludo).<\/p>\n","protected":false},"excerpt":{"rendered":"<p><strong>COD: *EXNOST023 <\/strong><\/p>\n<p>Porta llaves con \u00a0fabricada en madera nativa, cer\u00e1mica y tela<\/p>\n<h6><strong>Precios en base a 1 unidad.<\/strong> Descuentos por 10, 30, 50, 100 unidades. Precios no incluyen IVA.\u00a0<em><a href=\"https:\/\/chileenunacaja.cl\/tabla-de-descuentos\/\"><strong>Ver<\/strong> <strong>tabla de descuentos.\u00a0<\/strong><\/a><\/em><\/h6>\n<p>&nbsp;<\/p>\n","protected":false},"featured_media":1393,"template":"","meta":{"_et_pb_use_builder":"","_et_pb_old_content":""},"class_list":["post-1405","product","type-product","status-publish","has-post-thumbnail","hentry","product_cat-nostalgicos","product_cat-nostalgicos-log"],"_links":{"self":[{"href":"https:\/\/chileenunacaja.cl\/inicio\/wp-json\/wp\/v2\/product\/1405","targetHints":{"allow":["GET"]}}],"collection":[{"href":"https:\/\/chileenunacaja.cl\/inicio\/wp-json\/wp\/v2\/product"}],"about":[{"href":"https:\/\/chileenunacaja.cl\/inicio\/wp-json\/wp\/v2\/types\/product"}],"wp:featuredmedia":[{"embeddable":true,"href":"https:\/\/chileenunacaja.cl\/inicio\/wp-json\/wp\/v2\/media\/1393"}],"wp:attachment":[{"href":"https:\/\/chileenunacaja.cl\/inicio\/wp-json\/wp\/v2\/media?parent=1405"}],"curies":[{"name":"wp","href":"https:\/\/api.w.org\/{rel}","templated":true}]}}