{"id":1407,"date":"2018-03-05T23:35:30","date_gmt":"2018-03-05T23:35:30","guid":{"rendered":"https:\/\/chileenunacaja.cl\/?post_type=product&#038;p=1407"},"modified":"2024-03-08T17:12:01","modified_gmt":"2024-03-08T17:12:01","slug":"guitarrera-de-quinchamali","status":"publish","type":"product","link":"https:\/\/chileenunacaja.cl\/inicio\/producto\/guitarrera-de-quinchamali\/","title":{"rendered":"Guitarrera de Quinchamal\u00ed *EXNOST005"},"content":{"rendered":"<p>Guitarrera, figura t\u00edpica de Quinchamal\u00ed, fabricada por artesanos de la octava regi\u00f3n.<\/p>\n<p>Esta t\u00e9cnica es famosa por su cer\u00e1mica de greda negra y finos dibujos blancos.<\/p>\n<p>Incluye logo de la empresa y tarjeta de saludo.<\/p>\n","protected":false},"excerpt":{"rendered":"<p><strong>COD: *EXNOST005<\/strong><\/p>\n<p>Guitarrera, figura t\u00edpica de Quinchamal\u00ed, en caja de madera.<\/p>\n<h6><strong>Precios en base a 1 unidad.<\/strong> Descuentos por 10, 30, 50, 100 unidades. Precios no incluyen IVA.\u00a0<em><a href=\"https:\/\/chileenunacaja.cl\/tabla-de-descuentos\/\"><strong>Ver<\/strong> <strong>tabla de descuentos.\u00a0<\/strong><\/a><\/em><\/h6>\n<p>&nbsp;<\/p>\n","protected":false},"featured_media":1394,"template":"","meta":{"_et_pb_use_builder":"","_et_pb_old_content":""},"class_list":["post-1407","product","type-product","status-publish","has-post-thumbnail","hentry","product_cat-nostalgicos","product_cat-nostalgicos-log"],"_links":{"self":[{"href":"https:\/\/chileenunacaja.cl\/inicio\/wp-json\/wp\/v2\/product\/1407","targetHints":{"allow":["GET"]}}],"collection":[{"href":"https:\/\/chileenunacaja.cl\/inicio\/wp-json\/wp\/v2\/product"}],"about":[{"href":"https:\/\/chileenunacaja.cl\/inicio\/wp-json\/wp\/v2\/types\/product"}],"wp:featuredmedia":[{"embeddable":true,"href":"https:\/\/chileenunacaja.cl\/inicio\/wp-json\/wp\/v2\/media\/1394"}],"wp:attachment":[{"href":"https:\/\/chileenunacaja.cl\/inicio\/wp-json\/wp\/v2\/media?parent=1407"}],"curies":[{"name":"wp","href":"https:\/\/api.w.org\/{rel}","templated":true}]}}