{"id":1408,"date":"2018-03-05T23:40:06","date_gmt":"2018-03-05T23:40:06","guid":{"rendered":"https:\/\/chileenunacaja.cl\/?post_type=product&#038;p=1408"},"modified":"2025-02-20T15:43:12","modified_gmt":"2025-02-20T15:43:12","slug":"barco-pesquero-en-caja-de-rauli","status":"publish","type":"product","link":"https:\/\/chileenunacaja.cl\/inicio\/producto\/barco-pesquero-en-caja-de-rauli\/","title":{"rendered":"Barco pesquero en caja de raul\u00ed *EXNOST003"},"content":{"rendered":"<p>Barco pesquero, t\u00edpico de las costa chilena, fabricado y pintado a mano por artesano de la regi\u00f3n de Coquimbo.<\/p>\n<p>Se presenta en caja de madera de raul\u00ed.<br \/>\nI<\/p>\n<p>ncluye logo de la empresa y tarjeta de saludo.<\/p>\n","protected":false},"excerpt":{"rendered":"<p><strong>COD: *EXNOST003<\/strong><\/p>\n<p>Barco pesquero pintado a mano en caja de madera.<\/p>\n<h6><strong>Precios en base a 1 unidad.<\/strong> Descuentos por 10, 30, 50, 100 unidades. Precios no incluyen IVA.\u00a0<em><a href=\"https:\/\/chileenunacaja.cl\/tabla-de-descuentos\/\"><strong>Ver<\/strong> <strong>tabla de descuentos.\u00a0<\/strong><\/a><\/em><\/h6>\n<p>&nbsp;<\/p>\n","protected":false},"featured_media":1395,"template":"","meta":{"_et_pb_use_builder":"","_et_pb_old_content":""},"class_list":["post-1408","product","type-product","status-publish","has-post-thumbnail","hentry","product_cat-nostalgicos","product_cat-nostalgicos-log"],"_links":{"self":[{"href":"https:\/\/chileenunacaja.cl\/inicio\/wp-json\/wp\/v2\/product\/1408","targetHints":{"allow":["GET"]}}],"collection":[{"href":"https:\/\/chileenunacaja.cl\/inicio\/wp-json\/wp\/v2\/product"}],"about":[{"href":"https:\/\/chileenunacaja.cl\/inicio\/wp-json\/wp\/v2\/types\/product"}],"wp:featuredmedia":[{"embeddable":true,"href":"https:\/\/chileenunacaja.cl\/inicio\/wp-json\/wp\/v2\/media\/1395"}],"wp:attachment":[{"href":"https:\/\/chileenunacaja.cl\/inicio\/wp-json\/wp\/v2\/media?parent=1408"}],"curies":[{"name":"wp","href":"https:\/\/api.w.org\/{rel}","templated":true}]}}