{"id":1410,"date":"2018-03-06T00:22:22","date_gmt":"2018-03-06T00:22:22","guid":{"rendered":"https:\/\/chileenunacaja.cl\/?post_type=product&#038;p=1410"},"modified":"2018-11-27T02:23:06","modified_gmt":"2018-11-27T02:23:06","slug":"familia-mapuche-en-fieltro","status":"publish","type":"product","link":"https:\/\/chileenunacaja.cl\/inicio\/producto\/familia-mapuche-en-fieltro\/","title":{"rendered":"Familia Mapuche en Fieltro *EXINED001"},"content":{"rendered":"<p>Representaci\u00f3n de familia Mapuche fabricada en vell\u00f3n de oveja, te\u00f1ido por mujeres de la regi\u00f3n de la Araucan\u00eda, con base de madera. Joyas de mujer en plata. Presentaci\u00f3n bolsa de papel kraft.<\/p>\n<p>Incluye logo de la empresa y tarjeta de saludo.<\/p>\n","protected":false},"excerpt":{"rendered":"<p><strong>COD: *EXINED001<\/strong><\/p>\n<p>Representaci\u00f3n de familia Mapuche \u00a0en vell\u00f3n de oveja.<\/p>\n<h6><strong>Precios en base a 1 unidad.<\/strong> Descuentos por 10, 30, 50, 100 unidades. Precios no incluyen IVA.\u00a0<em><a href=\"https:\/\/chileenunacaja.cl\/tabla-de-descuentos\/\"><strong>Ver<\/strong> <strong>tabla de descuentos.\u00a0<\/strong><\/a><\/em><\/h6>\n<p>&nbsp;<\/p>\n","protected":false},"featured_media":1401,"template":"","meta":{"_et_pb_use_builder":"","_et_pb_old_content":""},"class_list":["post-1410","product","type-product","status-publish","has-post-thumbnail","hentry","product_cat-ineditos","product_cat-ineditos-log"],"_links":{"self":[{"href":"https:\/\/chileenunacaja.cl\/inicio\/wp-json\/wp\/v2\/product\/1410","targetHints":{"allow":["GET"]}}],"collection":[{"href":"https:\/\/chileenunacaja.cl\/inicio\/wp-json\/wp\/v2\/product"}],"about":[{"href":"https:\/\/chileenunacaja.cl\/inicio\/wp-json\/wp\/v2\/types\/product"}],"wp:featuredmedia":[{"embeddable":true,"href":"https:\/\/chileenunacaja.cl\/inicio\/wp-json\/wp\/v2\/media\/1401"}],"wp:attachment":[{"href":"https:\/\/chileenunacaja.cl\/inicio\/wp-json\/wp\/v2\/media?parent=1410"}],"curies":[{"name":"wp","href":"https:\/\/api.w.org\/{rel}","templated":true}]}}