{"id":1417,"date":"2018-03-06T00:48:26","date_gmt":"2018-03-06T00:48:26","guid":{"rendered":"https:\/\/chileenunacaja.cl\/?post_type=product&#038;p=1417"},"modified":"2018-11-27T02:26:56","modified_gmt":"2018-11-27T02:26:56","slug":"residencias-de-pablo-neruda-y-escultura-de-pez","status":"publish","type":"product","link":"https:\/\/chileenunacaja.cl\/inicio\/producto\/residencias-de-pablo-neruda-y-escultura-de-pez\/","title":{"rendered":"Residencias de Pablo Neruda y escultura de pez *EXTZON051"},"content":{"rendered":"<p>Libro espa\u00f1ol &#8211; ingl\u00e9s con fotograf\u00edas de las residencias de Pablo Neruda.<\/p>\n<p>Medidas 24 * 25 cm, 72 p\u00e1ginas, tapa dura.<\/p>\n<p>M\u00e1s replica de escultura de pez (incluye placa de metaflex con logo de la empresa)\u00a0 ubicada en Isla Negra.<\/p>\n<p>Presentaci\u00f3n en bolsa de TNT.<\/p>\n<p>Incluye tarjeta de saludo personalizado.<\/p>\n","protected":false},"excerpt":{"rendered":"<p><strong>COD: *EXTZON051<\/strong><\/p>\n<p>Libro residencias\u00a0\u00a0de Pablo Neruda y adorno pez.<\/p>\n<h6><strong>Precios en base a 1 unidad.<\/strong> Descuentos por 10, 30, 50, 100 unidades. Precios no incluyen IVA.\u00a0<em><a href=\"https:\/\/chileenunacaja.cl\/tabla-de-descuentos\/\"><strong>Ver<\/strong> <strong>tabla de descuentos.\u00a0<\/strong><\/a><\/em><\/h6>\n<p>&nbsp;<\/p>\n","protected":false},"featured_media":1418,"template":"","meta":{"_et_pb_use_builder":"","_et_pb_old_content":""},"class_list":["post-1417","product","type-product","status-publish","has-post-thumbnail","hentry","product_cat-zonales","product_cat-zonales-log"],"_links":{"self":[{"href":"https:\/\/chileenunacaja.cl\/inicio\/wp-json\/wp\/v2\/product\/1417","targetHints":{"allow":["GET"]}}],"collection":[{"href":"https:\/\/chileenunacaja.cl\/inicio\/wp-json\/wp\/v2\/product"}],"about":[{"href":"https:\/\/chileenunacaja.cl\/inicio\/wp-json\/wp\/v2\/types\/product"}],"wp:featuredmedia":[{"embeddable":true,"href":"https:\/\/chileenunacaja.cl\/inicio\/wp-json\/wp\/v2\/media\/1418"}],"wp:attachment":[{"href":"https:\/\/chileenunacaja.cl\/inicio\/wp-json\/wp\/v2\/media?parent=1417"}],"curies":[{"name":"wp","href":"https:\/\/api.w.org\/{rel}","templated":true}]}}