{"id":1474,"date":"2018-03-13T19:10:27","date_gmt":"2018-03-13T19:10:27","guid":{"rendered":"https:\/\/chileenunacaja.cl\/?post_type=product&#038;p=1474"},"modified":"2024-10-22T21:00:01","modified_gmt":"2024-10-22T21:00:01","slug":"portalapices-de-madera","status":"publish","type":"product","link":"https:\/\/chileenunacaja.cl\/inicio\/producto\/portalapices-de-madera\/","title":{"rendered":"Portal\u00e1pices de madera *CORMAD035"},"content":{"rendered":"<p>Pr\u00e1ctico portal\u00e1pices con diferentes maderas nativas, realizado por artesanos del sur de Chile.<\/p>\n<p>Presentaci\u00f3n en bolsa kraft, posee logo de la empresa grabado en l\u00e1ser.<\/p>\n<p>Incluye tarjeta de saludo personalizado.<\/p>\n<p>&nbsp;<\/p>\n","protected":false},"excerpt":{"rendered":"<p><strong>COD:*CORMAD035<\/strong><\/p>\n<p>Pr\u00e1ctico portal\u00e1pices de madera.<\/p>\n<h6><strong>Precios en base a 30 unidades.<\/strong> Descuentos por 50, 100, 300 y 500 unidades. Precios no incluyen IVA.\u00a0<em><a href=\"https:\/\/chileenunacaja.cl\/tabla-de-descuentos\/\"><strong>Ver<\/strong> <strong>tabla de descuentos.\u00a0<\/strong><\/a><\/em><\/h6>\n<p>&nbsp;<\/p>\n","protected":false},"featured_media":1463,"template":"","meta":{"_et_pb_use_builder":"","_et_pb_old_content":""},"class_list":["post-1474","product","type-product","status-publish","has-post-thumbnail","hentry","product_cat-hombres","product_cat-hombres-log","product_cat-madera"],"_links":{"self":[{"href":"https:\/\/chileenunacaja.cl\/inicio\/wp-json\/wp\/v2\/product\/1474","targetHints":{"allow":["GET"]}}],"collection":[{"href":"https:\/\/chileenunacaja.cl\/inicio\/wp-json\/wp\/v2\/product"}],"about":[{"href":"https:\/\/chileenunacaja.cl\/inicio\/wp-json\/wp\/v2\/types\/product"}],"wp:featuredmedia":[{"embeddable":true,"href":"https:\/\/chileenunacaja.cl\/inicio\/wp-json\/wp\/v2\/media\/1463"}],"wp:attachment":[{"href":"https:\/\/chileenunacaja.cl\/inicio\/wp-json\/wp\/v2\/media?parent=1474"}],"curies":[{"name":"wp","href":"https:\/\/api.w.org\/{rel}","templated":true}]}}