{"id":1482,"date":"2018-03-13T19:51:22","date_gmt":"2018-03-13T19:51:22","guid":{"rendered":"https:\/\/chileenunacaja.cl\/?post_type=product&#038;p=1482"},"modified":"2025-12-29T20:42:35","modified_gmt":"2025-12-29T20:42:35","slug":"domino-en-caja-de-madera","status":"publish","type":"product","link":"https:\/\/chileenunacaja.cl\/inicio\/producto\/domino-en-caja-de-madera\/","title":{"rendered":"Domin\u00f3 en caja de madera *CORJUE027"},"content":{"rendered":"<p>Entretenido juego domin\u00f3 en caja de madera con tapa desplazable. Pr\u00e1ctico para jugar con los amigos o en familia. Dimensiones caja: 18.6 x 6.3 x 4.4 cm.<\/p>\n<p>Presentaci\u00f3n en bolsa de papel kraft. Incluye grabado laser y tarjeta marcalibros\u00a0 con mensaje y logo empresa.<\/p>\n","protected":false},"excerpt":{"rendered":"<div class=\"nomprod\"><strong>*CORJUE027<\/strong><\/div>\n<div class=\"descripcion\">\n<p>Entretenido juego domin\u00f3 en caja de madera con tapa desplazable.<\/p>\n<p>&nbsp;<\/p>\n<h6><strong>Precios en base a 30 unidades.<\/strong> Descuentos por 50, 100, 300 y 500 unidades. Precios no incluyen IVA.\u00a0<em><a href=\"https:\/\/chileenunacaja.cl\/tabla-de-descuentos\/\"><strong>Ver<\/strong> <strong>tabla de descuentos.\u00a0<\/strong><\/a><\/em><\/h6>\n<\/div>\n","protected":false},"featured_media":2018,"template":"","meta":{"_et_pb_use_builder":"","_et_pb_old_content":""},"class_list":["post-1482","product","type-product","status-publish","has-post-thumbnail","hentry","product_cat-juegos","product_cat-madera"],"_links":{"self":[{"href":"https:\/\/chileenunacaja.cl\/inicio\/wp-json\/wp\/v2\/product\/1482","targetHints":{"allow":["GET"]}}],"collection":[{"href":"https:\/\/chileenunacaja.cl\/inicio\/wp-json\/wp\/v2\/product"}],"about":[{"href":"https:\/\/chileenunacaja.cl\/inicio\/wp-json\/wp\/v2\/types\/product"}],"wp:featuredmedia":[{"embeddable":true,"href":"https:\/\/chileenunacaja.cl\/inicio\/wp-json\/wp\/v2\/media\/2018"}],"wp:attachment":[{"href":"https:\/\/chileenunacaja.cl\/inicio\/wp-json\/wp\/v2\/media?parent=1482"}],"curies":[{"name":"wp","href":"https:\/\/api.w.org\/{rel}","templated":true}]}}