{"id":1574,"date":"2018-03-22T01:53:04","date_gmt":"2018-03-22T01:53:04","guid":{"rendered":"https:\/\/chileenunacaja.cl\/?post_type=product&#038;p=1574"},"modified":"2025-10-07T22:18:12","modified_gmt":"2025-10-07T22:18:12","slug":"boligrafo-de-cobre-y-lapislazuli-en-caja-de-madera-2","status":"publish","type":"product","link":"https:\/\/chileenunacaja.cl\/inicio\/producto\/boligrafo-de-cobre-y-lapislazuli-en-caja-de-madera-2\/","title":{"rendered":"Bol\u00edgrafo de cobre y lapisl\u00e1zuli en caja de madera *EXTHOM012"},"content":{"rendered":"<p>Bol\u00edgrafo de cobre y lapisl\u00e1zuli piedra representativa de Chile, posee caracter\u00edstico color azul, muy apreciada en joyer\u00eda.<\/p>\n<p>Presentado en caja de madera nativa en raul\u00ed, realizara por artesanos de la regi\u00f3n de la Araucan\u00eda.<\/p>\n<p>Incluye logo de la empresa\u00a0 en cualquiera de los dos elementos.<\/p>\n<p>Incluye Tarjeta.<\/p>\n","protected":false},"excerpt":{"rendered":"<p><strong>COD: *EXTHOM012<\/strong><\/p>\n<p>Bol\u00edgrafo de cobre y lapislazuli en caja de madera.<\/p>\n<h6><strong>Precios en base a 1 unidad.<\/strong> Descuentos por 10, 30, 50, 100 unidades. Precios no incluyen IVA.\u00a0<em><a href=\"https:\/\/chileenunacaja.cl\/tabla-de-descuentos\/\"><strong>Ver<\/strong> <strong>tabla de descuentos.\u00a0<\/strong><\/a><\/em><\/h6>\n<p>&nbsp;<\/p>\n","protected":false},"featured_media":1572,"template":"","meta":{"_et_pb_use_builder":"","_et_pb_old_content":""},"class_list":["post-1574","product","type-product","status-publish","has-post-thumbnail","hentry","product_cat-hombre-extranjero-2","product_cat-hombre-extranjero"],"_links":{"self":[{"href":"https:\/\/chileenunacaja.cl\/inicio\/wp-json\/wp\/v2\/product\/1574","targetHints":{"allow":["GET"]}}],"collection":[{"href":"https:\/\/chileenunacaja.cl\/inicio\/wp-json\/wp\/v2\/product"}],"about":[{"href":"https:\/\/chileenunacaja.cl\/inicio\/wp-json\/wp\/v2\/types\/product"}],"wp:featuredmedia":[{"embeddable":true,"href":"https:\/\/chileenunacaja.cl\/inicio\/wp-json\/wp\/v2\/media\/1572"}],"wp:attachment":[{"href":"https:\/\/chileenunacaja.cl\/inicio\/wp-json\/wp\/v2\/media?parent=1574"}],"curies":[{"name":"wp","href":"https:\/\/api.w.org\/{rel}","templated":true}]}}