{"id":1604,"date":"2018-04-03T21:31:35","date_gmt":"2018-04-03T21:31:35","guid":{"rendered":"https:\/\/chileenunacaja.cl\/?post_type=product&#038;p=1604"},"modified":"2024-01-04T22:06:48","modified_gmt":"2024-01-04T22:06:48","slug":"set-2-hierbas-o-especias-en-tubo-de-ensayo","status":"publish","type":"product","link":"https:\/\/chileenunacaja.cl\/inicio\/producto\/set-2-hierbas-o-especias-en-tubo-de-ensayo\/","title":{"rendered":"Set 2 hierbas o especias en tubo de ensayo *CORGOU129"},"content":{"rendered":"<p>Una excelente alternativa para agregar sabor a tus preparaciones y armar su propio laboratorio en su cocina. Dos tubos de ensayo de hierbas o especias. Cada tubo mide 15 cm, 2 cm de di\u00e1metro m\u00e1s tapa de corcho,\u00a0 en base de madera nativa grabada con el logo de la empresa.<\/p>\n<p>Algunas alternativas son:\u00a0 Aj\u00ed Cacho Cabra Ahumado, Ajo escamas, Albahaca, Canela, Cilantro semillas, Comino Alem\u00e1n, C\u00farcuma, Eneldo, Estrag\u00f3n franc\u00e9s, Fenogreco (hierba Maggi), Mejorana, Mostaza Amarilla, Mostaza Negra, Or\u00e9gano, Or\u00e9gano Altipl\u00e1nicom, Perejil, Piment\u00f3n Cubo Rojo, Pimienta de Cayena, Romero, Salvia, Sesamo Negro , Tomillo o mix de vegetales.<\/p>\n<p>Presentaci\u00f3n en bolsa de pape kraft. Incluye tarjeta de saludo<\/p>\n","protected":false},"excerpt":{"rendered":"<p><strong>COD: *CORGOU129<\/strong><\/p>\n<p>Dos tubos de ensayo de hierbas o especias. Cada tubo mide 15 cm, 2 cm de di\u00e1metro m\u00e1s tapa de corcho,\u00a0 en base de madera nativa grabada con el logo de la empresa.<\/p>\n<h6><strong>Precios en base a 30 unidades.<\/strong> Descuentos por 50, 100, 300 y 500 unidades. Precios no incluyen IVA.\u00a0<em><a href=\"https:\/\/chileenunacaja.cl\/tabla-de-descuentos\/\"><strong>Ver<\/strong> <strong>tabla de descuentos.\u00a0<\/strong><\/a><\/em><\/h6>\n<p>&nbsp;<\/p>\n","protected":false},"featured_media":6106,"template":"","meta":{"_et_pb_use_builder":"","_et_pb_old_content":""},"class_list":["post-1604","product","type-product","status-publish","has-post-thumbnail","hentry","product_cat-cumpleanos","product_cat-cumpleanos-log","product_cat-dias-especiales","product_cat-gourmet","product_cat-madera"],"_links":{"self":[{"href":"https:\/\/chileenunacaja.cl\/inicio\/wp-json\/wp\/v2\/product\/1604","targetHints":{"allow":["GET"]}}],"collection":[{"href":"https:\/\/chileenunacaja.cl\/inicio\/wp-json\/wp\/v2\/product"}],"about":[{"href":"https:\/\/chileenunacaja.cl\/inicio\/wp-json\/wp\/v2\/types\/product"}],"wp:featuredmedia":[{"embeddable":true,"href":"https:\/\/chileenunacaja.cl\/inicio\/wp-json\/wp\/v2\/media\/6106"}],"wp:attachment":[{"href":"https:\/\/chileenunacaja.cl\/inicio\/wp-json\/wp\/v2\/media?parent=1604"}],"curies":[{"name":"wp","href":"https:\/\/api.w.org\/{rel}","templated":true}]}}