{"id":1681,"date":"2018-04-10T16:18:05","date_gmt":"2018-04-10T16:18:05","guid":{"rendered":"https:\/\/chileenunacaja.cl\/?post_type=product&#038;p=1681"},"modified":"2018-11-07T03:17:50","modified_gmt":"2018-11-07T03:17:50","slug":"tarjetero-inti-zen","status":"publish","type":"product","link":"https:\/\/chileenunacaja.cl\/inicio\/producto\/tarjetero-inti-zen\/","title":{"rendered":"Tarjetero Inti Zen *CORHIE020"},"content":{"rendered":"<p>Tarjetero de madera para escritorio, fabricado por artesano de la regi\u00f3n de la Araucan\u00eda, grabado en l\u00e1ser con el logo de la empresa.<\/p>\n<p>Incluye 5 bolsitas de t\u00e9 Inti Zen<\/p>\n<p>Presentaci\u00f3n en bolsa papel kraft.<\/p>\n<p>Incluye Tarjeta.<\/p>\n","protected":false},"excerpt":{"rendered":"<p><strong>COD: *CORHIE020<\/strong><\/p>\n<p>Tarjetero de madera, grabado en laser. Incluye 5 bolsitas de t\u00e9 Inti Zen<\/p>\n<h6><strong>Precios en base a 30 unidades.<\/strong> Descuentos por 50, 100, 300 y 500 unidades. Precios no incluyen IVA.\u00a0<em><a href=\"https:\/\/chileenunacaja.cl\/tabla-de-descuentos\/\"><strong>Ver<\/strong> <strong>tabla de descuentos.\u00a0<\/strong><\/a><\/em><\/h6>\n<p>&nbsp;<\/p>\n","protected":false},"featured_media":1682,"template":"","meta":{"_et_pb_use_builder":"","_et_pb_old_content":""},"class_list":["post-1681","product","type-product","status-publish","has-post-thumbnail","hentry","product_cat-gourmet","product_cat-madera"],"_links":{"self":[{"href":"https:\/\/chileenunacaja.cl\/inicio\/wp-json\/wp\/v2\/product\/1681","targetHints":{"allow":["GET"]}}],"collection":[{"href":"https:\/\/chileenunacaja.cl\/inicio\/wp-json\/wp\/v2\/product"}],"about":[{"href":"https:\/\/chileenunacaja.cl\/inicio\/wp-json\/wp\/v2\/types\/product"}],"wp:featuredmedia":[{"embeddable":true,"href":"https:\/\/chileenunacaja.cl\/inicio\/wp-json\/wp\/v2\/media\/1682"}],"wp:attachment":[{"href":"https:\/\/chileenunacaja.cl\/inicio\/wp-json\/wp\/v2\/media?parent=1681"}],"curies":[{"name":"wp","href":"https:\/\/api.w.org\/{rel}","templated":true}]}}