{"id":1683,"date":"2018-04-10T16:31:47","date_gmt":"2018-04-10T16:31:47","guid":{"rendered":"https:\/\/chileenunacaja.cl\/?post_type=product&#038;p=1683"},"modified":"2018-11-07T03:16:23","modified_gmt":"2018-11-07T03:16:23","slug":"tarjetero-de-madera-con-cafe-en-bolsitas","status":"publish","type":"product","link":"https:\/\/chileenunacaja.cl\/inicio\/producto\/tarjetero-de-madera-con-cafe-en-bolsitas\/","title":{"rendered":"Tarjetero de madera con caf\u00e9 en bolsitas *CORHIE007"},"content":{"rendered":"<p>Tarjetero de madera para escritorio, fabricado por artesano de la regi\u00f3n de la Araucan\u00eda, grabado en l\u00e1ser con el logo de la empresa, Incluye 3 bolsitas de Caf\u00e9 Cabrales, son una opci\u00f3n pr\u00e1ctica y r\u00e1pida para los tiempos de hoy, todo el sabor y cuerpo del caf\u00e9 en esta presentaci\u00f3n en saquitos, resultado de un blend de granos ar\u00e1bigos torrados de excelente perfil.<\/p>\n<p>Presentaci\u00f3n en bolsa papel kraft.<\/p>\n<p>Incluye Tarjeta.<\/p>\n","protected":false},"excerpt":{"rendered":"<p><strong>COD: *CORHIE007<\/strong><\/p>\n<p>Tarjetero de madera, grabado en laser. Incluye 3 bolsitas de Caf\u00e9 Cabrales.<\/p>\n<h6><strong>Precios en base a 30 unidades.<\/strong> Descuentos por 50, 100, 300 y 500 unidades. Precios no incluyen IVA.\u00a0<em><a href=\"https:\/\/chileenunacaja.cl\/tabla-de-descuentos\/\"><strong>Ver<\/strong> <strong>tabla de descuentos.\u00a0<\/strong><\/a><\/em><\/h6>\n<p>&nbsp;<\/p>\n","protected":false},"featured_media":1684,"template":"","meta":{"_et_pb_use_builder":"","_et_pb_old_content":""},"class_list":["post-1683","product","type-product","status-publish","has-post-thumbnail","hentry","product_cat-gourmet","product_cat-madera"],"_links":{"self":[{"href":"https:\/\/chileenunacaja.cl\/inicio\/wp-json\/wp\/v2\/product\/1683","targetHints":{"allow":["GET"]}}],"collection":[{"href":"https:\/\/chileenunacaja.cl\/inicio\/wp-json\/wp\/v2\/product"}],"about":[{"href":"https:\/\/chileenunacaja.cl\/inicio\/wp-json\/wp\/v2\/types\/product"}],"wp:featuredmedia":[{"embeddable":true,"href":"https:\/\/chileenunacaja.cl\/inicio\/wp-json\/wp\/v2\/media\/1684"}],"wp:attachment":[{"href":"https:\/\/chileenunacaja.cl\/inicio\/wp-json\/wp\/v2\/media?parent=1683"}],"curies":[{"name":"wp","href":"https:\/\/api.w.org\/{rel}","templated":true}]}}