{"id":1687,"date":"2018-04-10T16:43:10","date_gmt":"2018-04-10T16:43:10","guid":{"rendered":"https:\/\/chileenunacaja.cl\/?post_type=product&#038;p=1687"},"modified":"2022-02-16T16:24:39","modified_gmt":"2022-02-16T16:24:39","slug":"cafetera-turca","status":"publish","type":"product","link":"https:\/\/chileenunacaja.cl\/inicio\/producto\/cafetera-turca\/","title":{"rendered":"Cafetera Turca *CORCOB003"},"content":{"rendered":"<p>Cafetera turca de cobre con manilla de madera elaborada por artesanos de la Regi\u00f3n Metropolitana.<\/p>\n<p>El caf\u00e9 turco es una de las excelente manera de consumir caf\u00e9. Se prepara de otro modo que el caf\u00e9 tradicional y, por ende, adquiere otro sabor, un tanto m\u00e1s cargado y particular.<\/p>\n<p>Posee logo de la empresa grabado en l\u00e1ser en la cafetera.<\/p>\n<p>Presentaci\u00f3n en caja de cart\u00f3n forrado<\/p>\n<p>Incluye Tarjeta.<\/p>\n","protected":false},"excerpt":{"rendered":"<p>Cafetera turca de cobre con manilla de madera.<\/p>\n<h6><strong>Precios en base a 30 unidades.<\/strong> Descuentos por 50, 100, 300 y 500 unidades. Precios no incluyen IVA.\u00a0<em><a href=\"https:\/\/chileenunacaja.cl\/tabla-de-descuentos\/\"><strong>Ver<\/strong> <strong>tabla de descuentos.\u00a0<\/strong><\/a><\/em><\/h6>\n<p>&nbsp;<\/p>\n","protected":false},"featured_media":1691,"template":"","meta":{"_et_pb_use_builder":"","_et_pb_old_content":""},"class_list":["post-1687","product","type-product","status-publish","has-post-thumbnail","hentry","product_cat-cobre"],"_links":{"self":[{"href":"https:\/\/chileenunacaja.cl\/inicio\/wp-json\/wp\/v2\/product\/1687","targetHints":{"allow":["GET"]}}],"collection":[{"href":"https:\/\/chileenunacaja.cl\/inicio\/wp-json\/wp\/v2\/product"}],"about":[{"href":"https:\/\/chileenunacaja.cl\/inicio\/wp-json\/wp\/v2\/types\/product"}],"wp:featuredmedia":[{"embeddable":true,"href":"https:\/\/chileenunacaja.cl\/inicio\/wp-json\/wp\/v2\/media\/1691"}],"wp:attachment":[{"href":"https:\/\/chileenunacaja.cl\/inicio\/wp-json\/wp\/v2\/media?parent=1687"}],"curies":[{"name":"wp","href":"https:\/\/api.w.org\/{rel}","templated":true}]}}