{"id":1700,"date":"2018-04-11T15:21:29","date_gmt":"2018-04-11T15:21:29","guid":{"rendered":"https:\/\/chileenunacaja.cl\/?post_type=product&#038;p=1700"},"modified":"2024-03-08T17:08:36","modified_gmt":"2024-03-08T17:08:36","slug":"aros-de-crin-y-plata","status":"publish","type":"product","link":"https:\/\/chileenunacaja.cl\/inicio\/producto\/aros-de-crin-y-plata\/","title":{"rendered":"Aros de Crin y plata *EXTMUJ003"},"content":{"rendered":"<p>Aros elaborados en Plata y Crin, \u00e9ste \u00faltimo trabajado por artesanas de la localidad de Raro (Regi\u00f3n del Maule) quienes ti\u00f1en y tejen el pelo de caballo creando hermosas figuras. Se presentan en una Caja de Raul\u00ed con el logo de la empresa grabado.<\/p>\n","protected":false},"excerpt":{"rendered":"<p><strong>COD: *EXTMUJ003<\/strong><\/p>\n<p>Aros elaborados en Plata y Crin.<\/p>\n<h6><strong>Precios en base a 1 unidad.<\/strong> Descuentos por 10, 30, 50, 100 unidades. Precios no incluyen IVA.\u00a0<em><a href=\"https:\/\/chileenunacaja.cl\/tabla-de-descuentos\/\"><strong>Ver<\/strong> <strong>tabla de descuentos.\u00a0<\/strong><\/a><\/em><\/h6>\n<p>&nbsp;<\/p>\n","protected":false},"featured_media":1701,"template":"","meta":{"_et_pb_use_builder":"","_et_pb_old_content":""},"class_list":["post-1700","product","type-product","status-publish","has-post-thumbnail","hentry","product_cat-mujer-extranjero","product_cat-mujer-extranjero-log"],"_links":{"self":[{"href":"https:\/\/chileenunacaja.cl\/inicio\/wp-json\/wp\/v2\/product\/1700","targetHints":{"allow":["GET"]}}],"collection":[{"href":"https:\/\/chileenunacaja.cl\/inicio\/wp-json\/wp\/v2\/product"}],"about":[{"href":"https:\/\/chileenunacaja.cl\/inicio\/wp-json\/wp\/v2\/types\/product"}],"wp:featuredmedia":[{"embeddable":true,"href":"https:\/\/chileenunacaja.cl\/inicio\/wp-json\/wp\/v2\/media\/1701"}],"wp:attachment":[{"href":"https:\/\/chileenunacaja.cl\/inicio\/wp-json\/wp\/v2\/media?parent=1700"}],"curies":[{"name":"wp","href":"https:\/\/api.w.org\/{rel}","templated":true}]}}