{"id":1710,"date":"2018-04-13T14:15:44","date_gmt":"2018-04-13T14:15:44","guid":{"rendered":"https:\/\/chileenunacaja.cl\/?post_type=product&#038;p=1710"},"modified":"2024-09-02T15:53:48","modified_gmt":"2024-09-02T15:53:48","slug":"boligrafo-madera-con-puntero-touch","status":"publish","type":"product","link":"https:\/\/chileenunacaja.cl\/inicio\/producto\/boligrafo-madera-con-puntero-touch\/","title":{"rendered":"Bol\u00edgrafo madera con puntero touch *CORMAD065"},"content":{"rendered":"<p>Bol\u00edgrafo de Madera Bamb\u00fa, con clip met\u00e1lico.<\/p>\n<p>Posee puntero Touch-Screen. Escritura azul.<\/p>\n<p>+ logo de la empresa grabado en l\u00e1ser.<\/p>\n<p>Presentaci\u00f3n en caja de cart\u00f3n.<\/p>\n<p>Incluye tarjeta de saludo personalizado.<\/p>\n","protected":false},"excerpt":{"rendered":"<p><strong>COD: *CORMAD065<\/strong><\/p>\n<p>Bol\u00edgrafo de Madera Bamb\u00fa, Posee puntero Touch.<\/p>\n<h6><strong>Precios en base a 30 unidades.<\/strong> Descuentos por 50, 100, 300 y 500 unidades. Precios no incluyen IVA.\u00a0<em><a href=\"https:\/\/chileenunacaja.cl\/tabla-de-descuentos\/\"><strong>Ver<\/strong> <strong>tabla de descuentos.\u00a0<\/strong><\/a><\/em><\/h6>\n<p>&nbsp;<\/p>\n","protected":false},"featured_media":2799,"template":"","meta":{"_et_pb_use_builder":"","_et_pb_old_content":""},"class_list":["post-1710","product","type-product","status-publish","has-post-thumbnail","hentry","product_cat-madera"],"_links":{"self":[{"href":"https:\/\/chileenunacaja.cl\/inicio\/wp-json\/wp\/v2\/product\/1710","targetHints":{"allow":["GET"]}}],"collection":[{"href":"https:\/\/chileenunacaja.cl\/inicio\/wp-json\/wp\/v2\/product"}],"about":[{"href":"https:\/\/chileenunacaja.cl\/inicio\/wp-json\/wp\/v2\/types\/product"}],"wp:featuredmedia":[{"embeddable":true,"href":"https:\/\/chileenunacaja.cl\/inicio\/wp-json\/wp\/v2\/media\/2799"}],"wp:attachment":[{"href":"https:\/\/chileenunacaja.cl\/inicio\/wp-json\/wp\/v2\/media?parent=1710"}],"curies":[{"name":"wp","href":"https:\/\/api.w.org\/{rel}","templated":true}]}}