{"id":1751,"date":"2018-05-02T15:10:20","date_gmt":"2018-05-02T15:10:20","guid":{"rendered":"https:\/\/chileenunacaja.cl\/?post_type=product&#038;p=1751"},"modified":"2019-02-19T02:17:59","modified_gmt":"2019-02-19T02:17:59","slug":"jaula-decorativa","status":"publish","type":"product","link":"https:\/\/chileenunacaja.cl\/inicio\/producto\/jaula-decorativa\/","title":{"rendered":"Jaula decorativa *CORMUJ114"},"content":{"rendered":"<p>Hermosa jaula con p\u00e1jaro especial para decorar, elaborado con la t\u00e9cnica de corte l\u00e1ser en madera.<\/p>\n<p>Medida: 13x 20 cm<\/p>\n<p>Presentaci\u00f3n en bolsa de papel kraft.<\/p>\n<p>Incluye peque\u00f1a Tarjeta de saludo de la pintora Sonia Koch<\/p>\n","protected":false},"excerpt":{"rendered":"<p><strong>COD: *CORMUJ114<\/strong><br \/>\nJaula decorativa de madera.<\/p>\n<h6><strong>Precios en base a 30 unidades.<\/strong> Descuentos por 50, 100, 300 y 500 unidades. Precios no incluyen IVA.\u00a0<em><a href=\"https:\/\/chileenunacaja.cl\/tabla-de-descuentos\/\"><strong>Ver<\/strong> <strong>tabla de descuentos.\u00a0<\/strong><\/a><\/em><\/h6>\n","protected":false},"featured_media":1752,"template":"","meta":{"_et_pb_use_builder":"","_et_pb_old_content":""},"class_list":["post-1751","product","type-product","status-publish","has-post-thumbnail","hentry","product_cat-madera","product_cat-mujer","product_cat-mujer-log"],"_links":{"self":[{"href":"https:\/\/chileenunacaja.cl\/inicio\/wp-json\/wp\/v2\/product\/1751","targetHints":{"allow":["GET"]}}],"collection":[{"href":"https:\/\/chileenunacaja.cl\/inicio\/wp-json\/wp\/v2\/product"}],"about":[{"href":"https:\/\/chileenunacaja.cl\/inicio\/wp-json\/wp\/v2\/types\/product"}],"wp:featuredmedia":[{"embeddable":true,"href":"https:\/\/chileenunacaja.cl\/inicio\/wp-json\/wp\/v2\/media\/1752"}],"wp:attachment":[{"href":"https:\/\/chileenunacaja.cl\/inicio\/wp-json\/wp\/v2\/media?parent=1751"}],"curies":[{"name":"wp","href":"https:\/\/api.w.org\/{rel}","templated":true}]}}