{"id":1835,"date":"2018-05-22T15:37:07","date_gmt":"2018-05-22T15:37:07","guid":{"rendered":"https:\/\/chileenunacaja.cl\/?post_type=product&#038;p=1835"},"modified":"2026-02-04T22:17:39","modified_gmt":"2026-02-04T22:17:39","slug":"set-1-taza-de-cafe-con-plato-y-cuchara-de-madera","status":"publish","type":"product","link":"https:\/\/chileenunacaja.cl\/inicio\/producto\/set-1-taza-de-cafe-con-plato-y-cuchara-de-madera\/","title":{"rendered":"Set 1 taza de caf\u00e9 con plato y cuchara de madera *CORCER026N"},"content":{"rendered":"<p>Set de una taza de gres para caf\u00e9, acompa\u00f1ado de platillo y cuchara de madera realizadas por artesanos de la regi\u00f3n de la Araucan\u00eda. Consultar por dise\u00f1os y colores disponibles para la taza de caf\u00e9.<\/p>\n<p>Incluye logo de la empresa.<\/p>\n<p>Presentaci\u00f3n en caja troquelada .<\/p>\n<p>Incluye tarjeta de saludo.<\/p>\n","protected":false},"excerpt":{"rendered":"<p>Set de una taza de gres para caf\u00e9, acompa\u00f1ado de platillo y cuchara de madera.<\/p>\n<h6><strong>Precios en base a 30 unidades.<\/strong> Descuentos por 50, 100, 300 y 500 unidades. Precios no incluyen IVA.\u00a0<em><a href=\"https:\/\/chileenunacaja.cl\/tabla-de-descuentos\/\"><strong>Ver<\/strong> <strong>tabla de descuentos.\u00a0<\/strong><\/a><\/em><\/h6>\n","protected":false},"featured_media":8070,"template":"","meta":{"_et_pb_use_builder":"","_et_pb_old_content":""},"class_list":["post-1835","product","type-product","status-publish","has-post-thumbnail","hentry","product_cat-ceramica","product_cat-navidad","product_cat-navidad-log"],"_links":{"self":[{"href":"https:\/\/chileenunacaja.cl\/inicio\/wp-json\/wp\/v2\/product\/1835","targetHints":{"allow":["GET"]}}],"collection":[{"href":"https:\/\/chileenunacaja.cl\/inicio\/wp-json\/wp\/v2\/product"}],"about":[{"href":"https:\/\/chileenunacaja.cl\/inicio\/wp-json\/wp\/v2\/types\/product"}],"wp:featuredmedia":[{"embeddable":true,"href":"https:\/\/chileenunacaja.cl\/inicio\/wp-json\/wp\/v2\/media\/8070"}],"wp:attachment":[{"href":"https:\/\/chileenunacaja.cl\/inicio\/wp-json\/wp\/v2\/media?parent=1835"}],"curies":[{"name":"wp","href":"https:\/\/api.w.org\/{rel}","templated":true}]}}