{"id":1881,"date":"2018-05-29T13:10:21","date_gmt":"2018-05-29T13:10:21","guid":{"rendered":"https:\/\/chileenunacaja.cl\/?post_type=product&#038;p=1881"},"modified":"2018-11-07T02:45:21","modified_gmt":"2018-11-07T02:45:21","slug":"set-duo-sal-cahuil-caja-forrada-corgou110","status":"publish","type":"product","link":"https:\/\/chileenunacaja.cl\/inicio\/producto\/set-duo-sal-cahuil-caja-forrada-corgou110\/","title":{"rendered":"Set d\u00fao sal C\u00e1huil caja forrada *CORGOU110"},"content":{"rendered":"<p>2 Sal de Mar de Cahuil 50 gramos, es un noble y milenario producto extra\u00eddo artesanalmente con las mismas t\u00e9cnicas usadas en \u00e9pocas prehisp\u00e1nicas. 100% natural.<\/p>\n<p>Presentaci\u00f3n en caja forrada negra con papel seda y cinta .<\/p>\n<p>Incluye tarjeta fiestas patrias con saludo y logo de empresa.<\/p>\n","protected":false},"excerpt":{"rendered":"<p>2 Sal de Mar de Cahuil 50 gramos.<\/p>\n<h6><strong>Precios en base a 30 unidades.<\/strong> Descuentos por 50, 100, 300 y 500 unidades. Precios no incluyen IVA.\u00a0<em><a href=\"https:\/\/chileenunacaja.cl\/tabla-de-descuentos\/\"><strong>Ver<\/strong> <strong>tabla de descuentos.\u00a0<\/strong><\/a><\/em><\/h6>\n","protected":false},"featured_media":1882,"template":"","meta":{"_et_pb_use_builder":"","_et_pb_old_content":""},"class_list":["post-1881","product","type-product","status-publish","has-post-thumbnail","hentry","product_cat-sin-categoria"],"_links":{"self":[{"href":"https:\/\/chileenunacaja.cl\/inicio\/wp-json\/wp\/v2\/product\/1881","targetHints":{"allow":["GET"]}}],"collection":[{"href":"https:\/\/chileenunacaja.cl\/inicio\/wp-json\/wp\/v2\/product"}],"about":[{"href":"https:\/\/chileenunacaja.cl\/inicio\/wp-json\/wp\/v2\/types\/product"}],"wp:featuredmedia":[{"embeddable":true,"href":"https:\/\/chileenunacaja.cl\/inicio\/wp-json\/wp\/v2\/media\/1882"}],"wp:attachment":[{"href":"https:\/\/chileenunacaja.cl\/inicio\/wp-json\/wp\/v2\/media?parent=1881"}],"curies":[{"name":"wp","href":"https:\/\/api.w.org\/{rel}","templated":true}]}}