{"id":1911,"date":"2018-06-01T14:15:14","date_gmt":"2018-06-01T14:15:14","guid":{"rendered":"https:\/\/chileenunacaja.cl\/?post_type=product&#038;p=1911"},"modified":"2022-10-14T23:44:01","modified_gmt":"2022-10-14T23:44:01","slug":"pocillo-madera-con-cuchara-bolsa-genero-cormad046","status":"publish","type":"product","link":"https:\/\/chileenunacaja.cl\/inicio\/producto\/pocillo-madera-con-cuchara-bolsa-genero-cormad046\/","title":{"rendered":"Pocillo madera con cuchara y receta *CORMAD046"},"content":{"rendered":"<p>Pocillo de madera con cuchara peque\u00f1a, realizados por artesanos de la regi\u00f3n de la Araucan\u00eda.<\/p>\n<p>Incluye grabado l\u00e1ser y tarjeta con receta \u201cChancho en piedra\u201d, que incluye el logo de empresa.<\/p>\n<p>Presentaci\u00f3n en bolsa kraft.<\/p>\n<p>&nbsp;<\/p>\n","protected":false},"excerpt":{"rendered":"<p>Pocillo de madera con cuchara peque\u00f1a.<\/p>\n<h6><strong>Precios en base a 30 unidades.<\/strong> Descuentos por 50, 100, 300 y 500 unidades. Precios no incluyen IVA.\u00a0<em><a href=\"https:\/\/chileenunacaja.cl\/tabla-de-descuentos\/\"><strong>Ver<\/strong> <strong>tabla de descuentos.\u00a0<\/strong><\/a><\/em><\/h6>\n","protected":false},"featured_media":6015,"template":"","meta":{"_et_pb_use_builder":"","_et_pb_old_content":""},"class_list":["post-1911","product","type-product","status-publish","has-post-thumbnail","hentry","product_cat-madera"],"_links":{"self":[{"href":"https:\/\/chileenunacaja.cl\/inicio\/wp-json\/wp\/v2\/product\/1911","targetHints":{"allow":["GET"]}}],"collection":[{"href":"https:\/\/chileenunacaja.cl\/inicio\/wp-json\/wp\/v2\/product"}],"about":[{"href":"https:\/\/chileenunacaja.cl\/inicio\/wp-json\/wp\/v2\/types\/product"}],"wp:featuredmedia":[{"embeddable":true,"href":"https:\/\/chileenunacaja.cl\/inicio\/wp-json\/wp\/v2\/media\/6015"}],"wp:attachment":[{"href":"https:\/\/chileenunacaja.cl\/inicio\/wp-json\/wp\/v2\/media?parent=1911"}],"curies":[{"name":"wp","href":"https:\/\/api.w.org\/{rel}","templated":true}]}}