{"id":1921,"date":"2018-06-01T14:31:17","date_gmt":"2018-06-01T14:31:17","guid":{"rendered":"https:\/\/chileenunacaja.cl\/?post_type=product&#038;p=1921"},"modified":"2018-11-07T02:43:15","modified_gmt":"2018-11-07T02:43:15","slug":"pasta-de-aji-corgou158","status":"publish","type":"product","link":"https:\/\/chileenunacaja.cl\/inicio\/producto\/pasta-de-aji-corgou158\/","title":{"rendered":"Pasta de aj\u00ed  *CORGOU158"},"content":{"rendered":"<p>Una deliciosa alternativa para regalar, pasta de aj\u00ed en diferentes variedades tales como; aj\u00ed ciboulette, aj\u00ed romero, aj\u00ed merk\u00e9n, aj\u00ed cacho cabra, aj\u00ed albahaca, aj\u00ed rocoto perejil. Presentaci\u00f3n en saquito de TNT<\/p>\n<p>Incluye tarjeta fiestas patrias con saludo y logo de empresa.<\/p>\n","protected":false},"excerpt":{"rendered":"<p>Pasta de aj\u00ed en diferentes variedades.<\/p>\n<h6><strong>Precios en base a 30 unidades.<\/strong> Descuentos por 50, 100, 300 y 500 unidades. Precios no incluyen IVA.\u00a0<em><a href=\"https:\/\/chileenunacaja.cl\/tabla-de-descuentos\/\"><strong>Ver<\/strong> <strong>tabla de descuentos.\u00a0<\/strong><\/a><\/em><\/h6>\n","protected":false},"featured_media":1922,"template":"","meta":{"_et_pb_use_builder":"","_et_pb_old_content":""},"class_list":["post-1921","product","type-product","status-publish","has-post-thumbnail","hentry","product_cat-gourmet"],"_links":{"self":[{"href":"https:\/\/chileenunacaja.cl\/inicio\/wp-json\/wp\/v2\/product\/1921","targetHints":{"allow":["GET"]}}],"collection":[{"href":"https:\/\/chileenunacaja.cl\/inicio\/wp-json\/wp\/v2\/product"}],"about":[{"href":"https:\/\/chileenunacaja.cl\/inicio\/wp-json\/wp\/v2\/types\/product"}],"wp:featuredmedia":[{"embeddable":true,"href":"https:\/\/chileenunacaja.cl\/inicio\/wp-json\/wp\/v2\/media\/1922"}],"wp:attachment":[{"href":"https:\/\/chileenunacaja.cl\/inicio\/wp-json\/wp\/v2\/media?parent=1921"}],"curies":[{"name":"wp","href":"https:\/\/api.w.org\/{rel}","templated":true}]}}