{"id":2027,"date":"2018-07-03T15:48:32","date_gmt":"2018-07-03T15:48:32","guid":{"rendered":"https:\/\/chileenunacaja.cl\/?post_type=product&#038;p=2027"},"modified":"2024-01-04T21:04:27","modified_gmt":"2024-01-04T21:04:27","slug":"sal-cahuil-con-cuchara-de-bamboo-corgou180","status":"publish","type":"product","link":"https:\/\/chileenunacaja.cl\/inicio\/producto\/sal-cahuil-con-cuchara-de-bamboo-corgou180\/","title":{"rendered":"Sal c\u00e1huil con cuchara de bamboo *CORGOU180"},"content":{"rendered":"<p>Saco Sal de Mar de C\u00e1huil 200 gramos, es un noble y milenario producto extra\u00eddo artesanalmente con las mismas t\u00e9cnicas usadas en \u00e9pocas prehisp\u00e1nicas. 100% natural + cuchara de bambu especial para la sal.<\/p>\n<p>Presentaci\u00f3n en sobre kraft con saludo.<\/p>\n","protected":false},"excerpt":{"rendered":"<p>Saco con Sal de Mar de C\u00e1huil 200 gramos, incluye cuchara y tarjeta.<\/p>\n<h6><strong>Precios en base a 30 unidades.<\/strong> Descuentos por 50, 100, 300 y 500 unidades. Precios no incluyen IVA.\u00a0<em><a href=\"https:\/\/chileenunacaja.cl\/tabla-de-descuentos\/\"><strong>Ver<\/strong> <strong>tabla de descuentos.\u00a0<\/strong><\/a><\/em><\/h6>\n","protected":false},"featured_media":6103,"template":"","meta":{"_et_pb_use_builder":"","_et_pb_old_content":""},"class_list":["post-2027","product","type-product","status-publish","has-post-thumbnail","hentry","product_cat-dias-especiales","product_cat-gourmet","product_cat-madera"],"_links":{"self":[{"href":"https:\/\/chileenunacaja.cl\/inicio\/wp-json\/wp\/v2\/product\/2027","targetHints":{"allow":["GET"]}}],"collection":[{"href":"https:\/\/chileenunacaja.cl\/inicio\/wp-json\/wp\/v2\/product"}],"about":[{"href":"https:\/\/chileenunacaja.cl\/inicio\/wp-json\/wp\/v2\/types\/product"}],"wp:featuredmedia":[{"embeddable":true,"href":"https:\/\/chileenunacaja.cl\/inicio\/wp-json\/wp\/v2\/media\/6103"}],"wp:attachment":[{"href":"https:\/\/chileenunacaja.cl\/inicio\/wp-json\/wp\/v2\/media?parent=2027"}],"curies":[{"name":"wp","href":"https:\/\/api.w.org\/{rel}","templated":true}]}}