{"id":2046,"date":"2018-07-04T12:52:16","date_gmt":"2018-07-04T12:52:16","guid":{"rendered":"https:\/\/chileenunacaja.cl\/?post_type=product&#038;p=2046"},"modified":"2024-01-04T21:02:47","modified_gmt":"2024-01-04T21:02:47","slug":"set-de-madera-y-acompanamiento-corgou011","status":"publish","type":"product","link":"https:\/\/chileenunacaja.cl\/inicio\/producto\/set-de-madera-y-acompanamiento-corgou011\/","title":{"rendered":"Set de Madera y Acompa\u00f1amiento *CORGOU011"},"content":{"rendered":"<p>Tabla de Madera con el logo de la empresa grabado en l\u00e1ser, con pocillo y cuchillo de madera nativa y acompa\u00f1amiento salado L\u00b4Amalia (45 grs.). Los productos de madera son fabricados por artesanos de la Regi\u00f3n de la Araucan\u00eda.Presentaci\u00f3n en bolsa de Kraft.<\/p>\n<p>Incluye tarjeta fiestas patrias con saludo y logo de empresa.<\/p>\n","protected":false},"excerpt":{"rendered":"<p>Tabla de Madera con el logo de la empresa grabado en l\u00e1ser, con pocillo y cuchillo de madera nativa y acompa\u00f1amiento salado L\u00b4Amalia (45 grs).<\/p>\n<h6><strong>Precios en base a 30 unidades.<\/strong> Descuentos por 50, 100, 300 y 500 unidades. Precios no incluyen IVA.\u00a0<em><a href=\"https:\/\/chileenunacaja.cl\/tabla-de-descuentos\/\"><strong>Ver<\/strong> <strong>tabla de descuentos.\u00a0<\/strong><\/a><\/em><\/h6>\n","protected":false},"featured_media":6105,"template":"","meta":{"_et_pb_use_builder":"","_et_pb_old_content":""},"class_list":["post-2046","product","type-product","status-publish","has-post-thumbnail","hentry","product_cat-gourmet","product_cat-madera"],"_links":{"self":[{"href":"https:\/\/chileenunacaja.cl\/inicio\/wp-json\/wp\/v2\/product\/2046","targetHints":{"allow":["GET"]}}],"collection":[{"href":"https:\/\/chileenunacaja.cl\/inicio\/wp-json\/wp\/v2\/product"}],"about":[{"href":"https:\/\/chileenunacaja.cl\/inicio\/wp-json\/wp\/v2\/types\/product"}],"wp:featuredmedia":[{"embeddable":true,"href":"https:\/\/chileenunacaja.cl\/inicio\/wp-json\/wp\/v2\/media\/6105"}],"wp:attachment":[{"href":"https:\/\/chileenunacaja.cl\/inicio\/wp-json\/wp\/v2\/media?parent=2046"}],"curies":[{"name":"wp","href":"https:\/\/api.w.org\/{rel}","templated":true}]}}