{"id":2130,"date":"2018-07-31T21:08:13","date_gmt":"2018-07-31T21:08:13","guid":{"rendered":"https:\/\/chileenunacaja.cl\/?post_type=product&#038;p=2130"},"modified":"2023-09-20T13:13:53","modified_gmt":"2023-09-20T13:13:53","slug":"tabla-madera-forma-de-queso-con-2-sal-cahuil-corgou102","status":"publish","type":"product","link":"https:\/\/chileenunacaja.cl\/inicio\/producto\/tabla-madera-forma-de-queso-con-2-sal-cahuil-corgou102\/","title":{"rendered":"Tabla madera forma de queso con 2 sal C\u00e1huil *CORGOU102"},"content":{"rendered":"<p>Tabla aperitivo triangular con tenedor realizadas en raul\u00ed por artesanos de la Regi\u00f3n de la Araucan\u00eda grabada con logo en l\u00e1ser.<\/p>\n<p>+ 2 saco de Sal de Mar de Cahuil 200 gramos, es un noble y milenario producto extra\u00eddo artesanalmente con las mismas t\u00e9cnicas usadas en \u00e9pocas prehisp\u00e1nicas. 100% natural.<\/p>\n<p>Presentaci\u00f3n en bolsa kraft.<\/p>\n<p>Incluye tarjeta fiestas patrias con saludo y logo de empresa.<\/p>\n","protected":false},"excerpt":{"rendered":"<p>Tabla aperitivo triangular con tenedor +\u00a0 2 saco de Sal de Mar de Cahuil 200 gramos.<\/p>\n<h6><strong>Precios en base a 30 unidades.<\/strong> Descuentos por 50, 100, 300 y 500 unidades. Precios no incluyen IVA.\u00a0<em><a href=\"https:\/\/chileenunacaja.cl\/tabla-de-descuentos\/\"><strong>Ver<\/strong> <strong>tabla de descuentos.\u00a0<\/strong><\/a><\/em><\/h6>\n","protected":false},"featured_media":6002,"template":"","meta":{"_et_pb_use_builder":"","_et_pb_old_content":""},"class_list":["post-2130","product","type-product","status-publish","has-post-thumbnail","hentry","product_cat-dias-especiales","product_cat-gourmet","product_cat-madera","product_cat-ofertas"],"_links":{"self":[{"href":"https:\/\/chileenunacaja.cl\/inicio\/wp-json\/wp\/v2\/product\/2130","targetHints":{"allow":["GET"]}}],"collection":[{"href":"https:\/\/chileenunacaja.cl\/inicio\/wp-json\/wp\/v2\/product"}],"about":[{"href":"https:\/\/chileenunacaja.cl\/inicio\/wp-json\/wp\/v2\/types\/product"}],"wp:featuredmedia":[{"embeddable":true,"href":"https:\/\/chileenunacaja.cl\/inicio\/wp-json\/wp\/v2\/media\/6002"}],"wp:attachment":[{"href":"https:\/\/chileenunacaja.cl\/inicio\/wp-json\/wp\/v2\/media?parent=2130"}],"curies":[{"name":"wp","href":"https:\/\/api.w.org\/{rel}","templated":true}]}}