{"id":2173,"date":"2018-08-14T13:01:59","date_gmt":"2018-08-14T13:01:59","guid":{"rendered":"https:\/\/chileenunacaja.cl\/?post_type=product&#038;p=2173"},"modified":"2022-10-17T18:37:20","modified_gmt":"2022-10-17T18:37:20","slug":"tubo-con-especies-en-sobre-cod-corgou187","status":"publish","type":"product","link":"https:\/\/chileenunacaja.cl\/inicio\/producto\/tubo-con-especies-en-sobre-cod-corgou187\/","title":{"rendered":"Tubo con especies en sobre COD: *CORGOU187"},"content":{"rendered":"<p>Una excelente alternativa para agregar sabor a tus preparaciones y armar su propio laboratorio en su cocina. Tubo de ensayo de hierbas o especias. El tubo mide 15 cm, 2 cm de di\u00e1metro m\u00e1s tapa de corcho.<\/p>\n<p>Alternativas de especies: Or\u00e9gano altipl\u00e1nico, ajo, piment\u00f3n, aj\u00ed cacho cabra, merk\u00e9n, identidad chilena (popurr\u00ed de ingredientes t\u00edpicos de la cocina chilena) adobo carnes rojas<\/p>\n<p>Presentaci\u00f3n en sobre de cart\u00f3n negro con amarra y tarjeta peque\u00f1a.<\/p>\n","protected":false},"excerpt":{"rendered":"<p>Tubo de ensayo de hierbas o especias. El tubo mide 15 cm, 2 cm de di\u00e1metro m\u00e1s tapa de corcho.<\/p>\n<h6><strong>Precios en base a 30 unidades.<\/strong> Descuentos por 50, 100, 300 y 500 unidades. Precios no incluyen IVA.\u00a0<em><a href=\"https:\/\/chileenunacaja.cl\/tabla-de-descuentos\/\"><strong>Ver<\/strong> <strong>tabla de descuentos.\u00a0<\/strong><\/a><\/em><\/h6>\n","protected":false},"featured_media":3346,"template":"","meta":{"_et_pb_use_builder":"","_et_pb_old_content":""},"class_list":["post-2173","product","type-product","status-publish","has-post-thumbnail","hentry","product_cat-dias-especiales","product_cat-gourmet"],"_links":{"self":[{"href":"https:\/\/chileenunacaja.cl\/inicio\/wp-json\/wp\/v2\/product\/2173","targetHints":{"allow":["GET"]}}],"collection":[{"href":"https:\/\/chileenunacaja.cl\/inicio\/wp-json\/wp\/v2\/product"}],"about":[{"href":"https:\/\/chileenunacaja.cl\/inicio\/wp-json\/wp\/v2\/types\/product"}],"wp:featuredmedia":[{"embeddable":true,"href":"https:\/\/chileenunacaja.cl\/inicio\/wp-json\/wp\/v2\/media\/3346"}],"wp:attachment":[{"href":"https:\/\/chileenunacaja.cl\/inicio\/wp-json\/wp\/v2\/media?parent=2173"}],"curies":[{"name":"wp","href":"https:\/\/api.w.org\/{rel}","templated":true}]}}