{"id":2385,"date":"2018-10-02T19:27:42","date_gmt":"2018-10-02T19:27:42","guid":{"rendered":"https:\/\/chileenunacaja.cl\/?post_type=product&#038;p=2385"},"modified":"2025-08-27T23:04:00","modified_gmt":"2025-08-27T23:04:00","slug":"tabla-gourmet-para-el-te-cordul034","status":"publish","type":"product","link":"https:\/\/chileenunacaja.cl\/inicio\/producto\/tabla-gourmet-para-el-te-cordul034\/","title":{"rendered":"Tabla gourmet para el t\u00e9 *CORDUL034"},"content":{"rendered":"<p>Practica bandeja de madera con logo de la empresa grabado en\u00a0 l\u00e1ser. Medidas: 30*11 cm<\/p>\n<p>Contiene frasco de vidrio\u00a0 con 30 gr de t\u00e9 de las siguientes variedades: matices, frutos rojos, rel\u00e1jate, chai. Incluye cuchara de bamboo m\u00e1s sachet con 20 filtros biodegradables.<\/p>\n<p>M\u00e1s taz\u00f3n de vidrio templado\u00a0 y deliciosa mermelada Bosques de Quetroleufu\u00a0 de 270 grs.<\/p>\n<p>Son la combinaci\u00f3n perfecta para compartir una tarde de t\u00e9. Fina presentaci\u00f3n en caja de cart\u00f3n forrado negro con cinta. Incluye tarjeta de saludo personalizado con dise\u00f1o navide\u00f1o.<\/p>\n","protected":false},"excerpt":{"rendered":"<p>Set de t\u00e9 con tabla de madera.<\/p>\n<h6><strong>Precios en base a 30 unidades.<\/strong> Descuentos por 50, 100, 300 y 500 unidades. Precios no incluyen IVA.\u00a0<em><a href=\"https:\/\/chileenunacaja.cl\/tabla-de-descuentos\/\"><strong>Ver<\/strong> <strong>tabla de descuentos.\u00a0<\/strong><\/a><\/em><\/h6>\n","protected":false},"featured_media":3605,"template":"","meta":{"_et_pb_use_builder":"","_et_pb_old_content":""},"class_list":["post-2385","product","type-product","status-publish","has-post-thumbnail","hentry","product_cat-dias-especiales","product_cat-gourmet","product_cat-navidad","product_cat-navidad-log"],"_links":{"self":[{"href":"https:\/\/chileenunacaja.cl\/inicio\/wp-json\/wp\/v2\/product\/2385","targetHints":{"allow":["GET"]}}],"collection":[{"href":"https:\/\/chileenunacaja.cl\/inicio\/wp-json\/wp\/v2\/product"}],"about":[{"href":"https:\/\/chileenunacaja.cl\/inicio\/wp-json\/wp\/v2\/types\/product"}],"wp:featuredmedia":[{"embeddable":true,"href":"https:\/\/chileenunacaja.cl\/inicio\/wp-json\/wp\/v2\/media\/3605"}],"wp:attachment":[{"href":"https:\/\/chileenunacaja.cl\/inicio\/wp-json\/wp\/v2\/media?parent=2385"}],"curies":[{"name":"wp","href":"https:\/\/api.w.org\/{rel}","templated":true}]}}