{"id":2394,"date":"2018-10-03T12:34:05","date_gmt":"2018-10-03T12:34:05","guid":{"rendered":"https:\/\/chileenunacaja.cl\/?post_type=product&#038;p=2394"},"modified":"2024-01-04T21:53:30","modified_gmt":"2024-01-04T21:53:30","slug":"tabla-mediana-con-ceramica-cormad128","status":"publish","type":"product","link":"https:\/\/chileenunacaja.cl\/inicio\/producto\/tabla-mediana-con-ceramica-cormad128\/","title":{"rendered":"Tabla mediana con cer\u00e1mica *CORMAD128"},"content":{"rendered":"<p>Tabla mediana madera raul\u00ed con cer\u00e1micas, especial para poner en la mesa.<\/p>\n<p>Medidas tabla:\u00a0 20*30 cm<\/p>\n<p>Incluye grabado l\u00e1ser.<\/p>\n<p>Presentaci\u00f3n en caja de cart\u00f3n negra.<\/p>\n","protected":false},"excerpt":{"rendered":"<p>Tabla de madera con cer\u00e1mica de diferentes modelos y colores.<\/p>\n<h6><strong>Precios en base a 30 unidades.<\/strong> Descuentos por 50, 100, 300 y 500 unidades. Precios no incluyen IVA.\u00a0<em><a href=\"https:\/\/chileenunacaja.cl\/tabla-de-descuentos\/\"><strong>Ver<\/strong> <strong>tabla de descuentos.\u00a0<\/strong><\/a><\/em><\/h6>\n","protected":false},"featured_media":2395,"template":"","meta":{"_et_pb_use_builder":"","_et_pb_old_content":""},"class_list":["post-2394","product","type-product","status-publish","has-post-thumbnail","hentry","product_cat-ceramica","product_cat-madera"],"_links":{"self":[{"href":"https:\/\/chileenunacaja.cl\/inicio\/wp-json\/wp\/v2\/product\/2394","targetHints":{"allow":["GET"]}}],"collection":[{"href":"https:\/\/chileenunacaja.cl\/inicio\/wp-json\/wp\/v2\/product"}],"about":[{"href":"https:\/\/chileenunacaja.cl\/inicio\/wp-json\/wp\/v2\/types\/product"}],"wp:featuredmedia":[{"embeddable":true,"href":"https:\/\/chileenunacaja.cl\/inicio\/wp-json\/wp\/v2\/media\/2395"}],"wp:attachment":[{"href":"https:\/\/chileenunacaja.cl\/inicio\/wp-json\/wp\/v2\/media?parent=2394"}],"curies":[{"name":"wp","href":"https:\/\/api.w.org\/{rel}","templated":true}]}}