{"id":2398,"date":"2018-10-03T12:44:15","date_gmt":"2018-10-03T12:44:15","guid":{"rendered":"https:\/\/chileenunacaja.cl\/?post_type=product&#038;p=2398"},"modified":"2024-01-04T21:51:00","modified_gmt":"2024-01-04T21:51:00","slug":"tabla-pequena-con-ceramica-cormad127","status":"publish","type":"product","link":"https:\/\/chileenunacaja.cl\/inicio\/producto\/tabla-pequena-con-ceramica-cormad127\/","title":{"rendered":"Tabla peque\u00f1a con cer\u00e1mica *CORMAD127"},"content":{"rendered":"<p>Tabla peque\u00f1a madera raul\u00ed con cer\u00e1mica, especial para poner en la mesa.<\/p>\n<p>Medidas tabla:\u00a0 20*20 cm<\/p>\n<p>Incluye grabado l\u00e1ser.<\/p>\n<p>Presentaci\u00f3n en caja de cart\u00f3n negra.<\/p>\n","protected":false},"excerpt":{"rendered":"<p>Tabla de madera con cer\u00e1mica de diferentes dise\u00f1os y colores.<\/p>\n<h6><strong>Precios en base a 30 unidades.<\/strong> Descuentos por 50, 100, 300 y 500 unidades. Precios no incluyen IVA.\u00a0<em><a href=\"https:\/\/chileenunacaja.cl\/tabla-de-descuentos\/\"><strong>Ver<\/strong> <strong>tabla de descuentos.\u00a0<\/strong><\/a><\/em><\/h6>\n","protected":false},"featured_media":2400,"template":"","meta":{"_et_pb_use_builder":"","_et_pb_old_content":""},"class_list":["post-2398","product","type-product","status-publish","has-post-thumbnail","hentry","product_cat-ceramica","product_cat-dias-especiales","product_cat-madera","product_tag-tabla-con-ceramica"],"_links":{"self":[{"href":"https:\/\/chileenunacaja.cl\/inicio\/wp-json\/wp\/v2\/product\/2398","targetHints":{"allow":["GET"]}}],"collection":[{"href":"https:\/\/chileenunacaja.cl\/inicio\/wp-json\/wp\/v2\/product"}],"about":[{"href":"https:\/\/chileenunacaja.cl\/inicio\/wp-json\/wp\/v2\/types\/product"}],"wp:featuredmedia":[{"embeddable":true,"href":"https:\/\/chileenunacaja.cl\/inicio\/wp-json\/wp\/v2\/media\/2400"}],"wp:attachment":[{"href":"https:\/\/chileenunacaja.cl\/inicio\/wp-json\/wp\/v2\/media?parent=2398"}],"curies":[{"name":"wp","href":"https:\/\/api.w.org\/{rel}","templated":true}]}}