{"id":2501,"date":"2018-11-06T16:19:20","date_gmt":"2018-11-06T16:19:20","guid":{"rendered":"https:\/\/chileenunacaja.cl\/?post_type=product&#038;p=2501"},"modified":"2025-12-29T20:39:33","modified_gmt":"2025-12-29T20:39:33","slug":"set-4-tazas-de-cafe-con-plato-y-cuchara-de-madera-cod-corcer024","status":"publish","type":"product","link":"https:\/\/chileenunacaja.cl\/inicio\/producto\/set-4-tazas-de-cafe-con-plato-y-cuchara-de-madera-cod-corcer024\/","title":{"rendered":"Set 4 tazas de caf\u00e9 con plato y cuchara de madera COD: *CORCER024"},"content":{"rendered":"<p>Set de cuatro tazas de gres para caf\u00e9, acompa\u00f1ado de platillo y cuchara de madera realizadas por artesanos de la regi\u00f3n de la Araucan\u00eda. Consultar por dise\u00f1os y colores disponibles para las tazas de caf\u00e9.<\/p>\n<p>Incluye logo de la empresa.<\/p>\n<p>Presentaci\u00f3n en caja de cart\u00f3n forrado.<\/p>\n<p>Incluye tarjeta de saludo<\/p>\n","protected":false},"excerpt":{"rendered":"<div class=\"descripcion\">\n<p>Set de cuatro tazas de gres para caf\u00e9, acompa\u00f1ado de platillo y cuchara de madera realizadas por artesanos de la regi\u00f3n de la Araucan\u00eda.<\/p>\n<\/div>\n<h6><strong>Precios en base a 30 unidades.<\/strong> Descuentos por 50, 100, 300 y 500 unidades. Precios no incluyen IVA.\u00a0<em><a href=\"https:\/\/chileenunacaja.cl\/tabla-de-descuentos\/\"><strong>Ver<\/strong> <strong>tabla de descuentos.\u00a0<\/strong><\/a><\/em><\/h6>\n","protected":false},"featured_media":3686,"template":"","meta":{"_et_pb_use_builder":"","_et_pb_old_content":""},"class_list":["post-2501","product","type-product","status-publish","has-post-thumbnail","hentry","product_cat-ceramica"],"_links":{"self":[{"href":"https:\/\/chileenunacaja.cl\/inicio\/wp-json\/wp\/v2\/product\/2501","targetHints":{"allow":["GET"]}}],"collection":[{"href":"https:\/\/chileenunacaja.cl\/inicio\/wp-json\/wp\/v2\/product"}],"about":[{"href":"https:\/\/chileenunacaja.cl\/inicio\/wp-json\/wp\/v2\/types\/product"}],"wp:featuredmedia":[{"embeddable":true,"href":"https:\/\/chileenunacaja.cl\/inicio\/wp-json\/wp\/v2\/media\/3686"}],"wp:attachment":[{"href":"https:\/\/chileenunacaja.cl\/inicio\/wp-json\/wp\/v2\/media?parent=2501"}],"curies":[{"name":"wp","href":"https:\/\/api.w.org\/{rel}","templated":true}]}}