{"id":2505,"date":"2018-11-06T17:01:37","date_gmt":"2018-11-06T17:01:37","guid":{"rendered":"https:\/\/chileenunacaja.cl\/?post_type=product&#038;p=2505"},"modified":"2026-01-22T15:32:32","modified_gmt":"2026-01-22T15:32:32","slug":"tabla-pequena-con-ceramica-y-cubiertos-cod-cormad129","status":"publish","type":"product","link":"https:\/\/chileenunacaja.cl\/inicio\/producto\/tabla-pequena-con-ceramica-y-cubiertos-cod-cormad129\/","title":{"rendered":"Tabla peque\u00f1a con cer\u00e1mica y cubiertos  COD: *CORMAD129"},"content":{"rendered":"<p>Tabla de madera peque\u00f1a confeccionada en madera de raul\u00ed con cer\u00e1mica de distintos colores y dise\u00f1os, especial para poner en la mesa, mas set de cuchara tenedor y cuchillo<\/p>\n<p>Medidas tabla:\u00a0 20*20 cm<\/p>\n<p>Incluye grabado laser.<\/p>\n<p>Presentaci\u00f3n en caja de cart\u00f3n negra.<\/p>\n","protected":false},"excerpt":{"rendered":"<div class=\"descripcion\">\n<p>Tabla de madera peque\u00f1a confeccionada en madera de raul\u00ed con cer\u00e1mica de distintos colores y dise\u00f1os, especial para poner en la mesa, mas set de cuchara tenedor y cuchillo<\/p>\n<\/div>\n<h6><strong>Precios en base a 30 unidades.<\/strong> Descuentos por 50, 100, 300 y 500 unidades. Precios no incluyen IVA.\u00a0<em><a href=\"https:\/\/chileenunacaja.cl\/tabla-de-descuentos\/\"><strong>Ver<\/strong> <strong>tabla de descuentos.\u00a0<\/strong><\/a><\/em><\/h6>\n","protected":false},"featured_media":3837,"template":"","meta":{"_et_pb_use_builder":"","_et_pb_old_content":""},"class_list":["post-2505","product","type-product","status-publish","has-post-thumbnail","hentry","product_cat-ceramica","product_cat-madera"],"_links":{"self":[{"href":"https:\/\/chileenunacaja.cl\/inicio\/wp-json\/wp\/v2\/product\/2505","targetHints":{"allow":["GET"]}}],"collection":[{"href":"https:\/\/chileenunacaja.cl\/inicio\/wp-json\/wp\/v2\/product"}],"about":[{"href":"https:\/\/chileenunacaja.cl\/inicio\/wp-json\/wp\/v2\/types\/product"}],"wp:featuredmedia":[{"embeddable":true,"href":"https:\/\/chileenunacaja.cl\/inicio\/wp-json\/wp\/v2\/media\/3837"}],"wp:attachment":[{"href":"https:\/\/chileenunacaja.cl\/inicio\/wp-json\/wp\/v2\/media?parent=2505"}],"curies":[{"name":"wp","href":"https:\/\/api.w.org\/{rel}","templated":true}]}}