{"id":2562,"date":"2018-11-23T14:56:46","date_gmt":"2018-11-23T14:56:46","guid":{"rendered":"https:\/\/chileenunacaja.cl\/?post_type=product&#038;p=2562"},"modified":"2026-04-22T17:22:33","modified_gmt":"2026-04-22T17:22:33","slug":"tapa-botellas-lapislazuli-en-caja-de-madera-codexthom009","status":"publish","type":"product","link":"https:\/\/chileenunacaja.cl\/inicio\/producto\/tapa-botellas-lapislazuli-en-caja-de-madera-codexthom009\/","title":{"rendered":"Tapa Botellas lapisl\u00e1zuli en caja de madera  COD:*EXTHOM009"},"content":{"rendered":"<p><img loading=\"lazy\" decoding=\"async\" class=\"size-medium wp-image-2671 alignleft\" src=\"https:\/\/chileenunacaja.cl\/wp-content\/uploads\/2018\/11\/EXTHOM009-300x300.gif\" alt=\"\" width=\"300\" height=\"300\" srcset=\"https:\/\/chileenunacaja.cl\/wp-content\/uploads\/2018\/11\/EXTHOM009-300x300.gif 300w, https:\/\/chileenunacaja.cl\/wp-content\/uploads\/2018\/11\/EXTHOM009.gif 510w, https:\/\/chileenunacaja.cl\/wp-content\/uploads\/2018\/11\/EXTHOM009-100x100.gif 100w, https:\/\/chileenunacaja.cl\/wp-content\/uploads\/2018\/11\/EXTHOM009-400x400.gif 400w\" sizes=\"auto, (max-width: 300px) 100vw, 300px\" \/><img loading=\"lazy\" decoding=\"async\" class=\"size-medium wp-image-2669 alignleft\" src=\"https:\/\/chileenunacaja.cl\/wp-content\/uploads\/2018\/11\/EXTHOM009-Tapabotellas-lapislazuli-510x510-1-300x300.gif\" alt=\"\" width=\"300\" height=\"300\" \/>Tapa botellas de lapisl\u00e1zuli, piedra representativa de Chile, posee caracter\u00edstico color azul, muy apreciada en joyer\u00eda.<\/p>\n<p>Presentaci\u00f3n en caja madera raul\u00ed grabada con logo empresa.<\/p>\n<p>Incluye tarjeta de saludo personalizado con dise\u00f1o navide\u00f1o.<\/p>\n<p>&nbsp;<\/p>\n<p>&nbsp;<\/p>\n","protected":false},"excerpt":{"rendered":"<p>Libro de Chile tapa dura con maravillosas fotograf\u00edas de Chile.<\/p>\n<h6><strong>Precios en base a 1 unidad.<\/strong> Descuentos por 10, 30, 50, 100 unidades. Precios no incluyen IVA.\u00a0<em><a href=\"https:\/\/chileenunacaja.cl\/tabla-de-descuentos\/\"><strong>Ver<\/strong> <strong>tabla de descuentos.\u00a0<\/strong><\/a><\/em><\/h6>\n","protected":false},"featured_media":2684,"template":"","meta":{"_et_pb_use_builder":"","_et_pb_old_content":""},"class_list":["post-2562","product","type-product","status-publish","has-post-thumbnail","hentry","product_cat-hombre-extranjero-2","product_cat-hombre-extranjero"],"_links":{"self":[{"href":"https:\/\/chileenunacaja.cl\/inicio\/wp-json\/wp\/v2\/product\/2562","targetHints":{"allow":["GET"]}}],"collection":[{"href":"https:\/\/chileenunacaja.cl\/inicio\/wp-json\/wp\/v2\/product"}],"about":[{"href":"https:\/\/chileenunacaja.cl\/inicio\/wp-json\/wp\/v2\/types\/product"}],"wp:featuredmedia":[{"embeddable":true,"href":"https:\/\/chileenunacaja.cl\/inicio\/wp-json\/wp\/v2\/media\/2684"}],"wp:attachment":[{"href":"https:\/\/chileenunacaja.cl\/inicio\/wp-json\/wp\/v2\/media?parent=2562"}],"curies":[{"name":"wp","href":"https:\/\/api.w.org\/{rel}","templated":true}]}}