{"id":2733,"date":"2018-12-05T13:34:37","date_gmt":"2018-12-05T13:34:37","guid":{"rendered":"https:\/\/chileenunacaja.cl\/?post_type=product&#038;p=2733"},"modified":"2024-10-10T14:05:10","modified_gmt":"2024-10-10T14:05:10","slug":"set-gourmet-para-el-te-cod-cordul036","status":"publish","type":"product","link":"https:\/\/chileenunacaja.cl\/inicio\/producto\/set-gourmet-para-el-te-cod-cordul036\/","title":{"rendered":"Set gourmet para el t\u00e9 COD: *CORDUL036"},"content":{"rendered":"<p>Completo set para el t\u00e9; incluye taz\u00f3n de vidrio templado de 244 ml con logo de la empresa grabado en l\u00e1ser, infusor de t\u00e9,\u00a0 miel Mickelsen de 200 gr.<\/p>\n<p>M\u00e1s infusi\u00f3n de t\u00e9 Te cuida; puede elegir entre las siguientes variedades: Ar\u00e1ndano, cereza, manzana, rosa mosqueta y\/o lim\u00f3n.<\/p>\n<p>Fina presentaci\u00f3n en caja de cart\u00f3n forrado negro con cinta.<\/p>\n<p>Incluye tarjeta de saludo personalizado con dise\u00f1o navide\u00f1o.<\/p>\n","protected":false},"excerpt":{"rendered":"<div class=\"descripcion\">\n<p>Completo set para el t\u00e9; incluye taz\u00f3n de vidrio templado de 244 ml con logo de la empresa grabado en l\u00e1ser, infusor de t\u00e9,\u00a0 miel Mickelsen de 200 gr.<\/p>\n<\/div>\n<h6><strong>Precios en base a 30 unidades.<\/strong> Descuentos por 50, 100, 300 y 500 unidades. Precios no incluyen IVA.\u00a0<em><a href=\"https:\/\/chileenunacaja.cl\/tabla-de-descuentos\/\"><strong>Ver<\/strong> <strong>tabla de descuentos.\u00a0<\/strong><\/a><\/em><\/h6>\n","protected":false},"featured_media":5487,"template":"","meta":{"_et_pb_use_builder":"","_et_pb_old_content":""},"class_list":["post-2733","product","type-product","status-publish","has-post-thumbnail","hentry","product_cat-cumpleanos","product_cat-cumpleanos-log","product_cat-gourmet","product_cat-navidad","product_cat-navidad-log","product_cat-ofertas","product_cat-vidrio"],"_links":{"self":[{"href":"https:\/\/chileenunacaja.cl\/inicio\/wp-json\/wp\/v2\/product\/2733","targetHints":{"allow":["GET"]}}],"collection":[{"href":"https:\/\/chileenunacaja.cl\/inicio\/wp-json\/wp\/v2\/product"}],"about":[{"href":"https:\/\/chileenunacaja.cl\/inicio\/wp-json\/wp\/v2\/types\/product"}],"wp:featuredmedia":[{"embeddable":true,"href":"https:\/\/chileenunacaja.cl\/inicio\/wp-json\/wp\/v2\/media\/5487"}],"wp:attachment":[{"href":"https:\/\/chileenunacaja.cl\/inicio\/wp-json\/wp\/v2\/media?parent=2733"}],"curies":[{"name":"wp","href":"https:\/\/api.w.org\/{rel}","templated":true}]}}