{"id":2788,"date":"2018-12-27T13:05:29","date_gmt":"2018-12-27T13:05:29","guid":{"rendered":"https:\/\/chileenunacaja.cl\/?post_type=product&#038;p=2788"},"modified":"2024-10-10T14:07:05","modified_gmt":"2024-10-10T14:07:05","slug":"tazon-gres-con-estuche-de-chocolates-bozzo-cod-cordul040","status":"publish","type":"product","link":"https:\/\/chileenunacaja.cl\/inicio\/producto\/tazon-gres-con-estuche-de-chocolates-bozzo-cod-cordul040\/","title":{"rendered":"Taz\u00f3n gres con estuche de chocolates Bozzo COD: *CORDUL040N"},"content":{"rendered":"<p>Taz\u00f3n de Cer\u00e1mica en Gres, con difrentes\u00a0 motivos y colores , fabricado por artesana de la Regi\u00f3n Metropolitana.<\/p>\n<p>Con exquisito chocolates Bozzo, estuche con 8 bombones surtidos.<\/p>\n<p>Incluye tarjeta de saludo.<\/p>\n<p>Presentaci\u00f3n en caja troquelada de cart\u00f3n negra.<\/p>\n","protected":false},"excerpt":{"rendered":"<p>Taz\u00f3n de Cer\u00e1mica en Gres con estuche con chocolates Bozzo.<\/p>\n<h6><strong>Precios en base a 30 unidades.<\/strong> Descuentos por 50, 100, 300 y 500 unidades. Precios no incluyen IVA.\u00a0<em><a href=\"https:\/\/chileenunacaja.cl\/tabla-de-descuentos\/\"><strong>Ver<\/strong> <strong>tabla de descuentos.\u00a0<\/strong><\/a><\/em><\/h6>\n<p>&nbsp;<\/p>\n","protected":false},"featured_media":5486,"template":"","meta":{"_et_pb_use_builder":"","_et_pb_old_content":""},"class_list":["post-2788","product","type-product","status-publish","has-post-thumbnail","hentry","product_cat-ceramica","product_cat-cumpleanos","product_cat-cumpleanos-log","product_cat-dias-especiales","product_cat-gourmet","product_cat-navidad","product_cat-navidad-log","product_cat-ofertas"],"_links":{"self":[{"href":"https:\/\/chileenunacaja.cl\/inicio\/wp-json\/wp\/v2\/product\/2788","targetHints":{"allow":["GET"]}}],"collection":[{"href":"https:\/\/chileenunacaja.cl\/inicio\/wp-json\/wp\/v2\/product"}],"about":[{"href":"https:\/\/chileenunacaja.cl\/inicio\/wp-json\/wp\/v2\/types\/product"}],"wp:featuredmedia":[{"embeddable":true,"href":"https:\/\/chileenunacaja.cl\/inicio\/wp-json\/wp\/v2\/media\/5486"}],"wp:attachment":[{"href":"https:\/\/chileenunacaja.cl\/inicio\/wp-json\/wp\/v2\/media?parent=2788"}],"curies":[{"name":"wp","href":"https:\/\/api.w.org\/{rel}","templated":true}]}}