{"id":2841,"date":"2019-01-19T03:35:31","date_gmt":"2019-01-19T03:35:31","guid":{"rendered":"https:\/\/chileenunacaja.cl\/?post_type=product&#038;p=2841"},"modified":"2020-06-10T02:08:13","modified_gmt":"2020-06-10T02:08:13","slug":"flor-de-madera-chica-cod-cormuj019","status":"publish","type":"product","link":"https:\/\/chileenunacaja.cl\/inicio\/producto\/flor-de-madera-chica-cod-cormuj019\/","title":{"rendered":"Flor de madera chica COD: *CORMUJ019"},"content":{"rendered":"<p>Flor de madera peque\u00f1a fabricada por artesanos de la regi\u00f3n de la Araucan\u00eda, quienes tallan y pintan el material, formando los dise\u00f1os de diversas flores.<\/p>\n<p>Incluye tarjeta.<\/p>\n","protected":false},"excerpt":{"rendered":"<p>Flor madera peque\u00f1a.<\/p>\n<h6><strong>Precios en base a 30 unidades.<\/strong> Descuentos por 50, 100, 300 y 500 unidades. Precios no incluyen IVA.\u00a0<em><a href=\"https:\/\/chileenunacaja.cl\/tabla-de-descuentos\/\"><strong>Ver<\/strong> <strong>tabla de descuentos.\u00a0<\/strong><\/a><\/em><\/h6>\n<p>&nbsp;<\/p>\n","protected":false},"featured_media":4329,"template":"","meta":{"_et_pb_use_builder":"","_et_pb_old_content":""},"class_list":["post-2841","product","type-product","status-publish","has-post-thumbnail","hentry","product_cat-dias-especiales","product_cat-mujer","product_cat-mujer-log"],"_links":{"self":[{"href":"https:\/\/chileenunacaja.cl\/inicio\/wp-json\/wp\/v2\/product\/2841","targetHints":{"allow":["GET"]}}],"collection":[{"href":"https:\/\/chileenunacaja.cl\/inicio\/wp-json\/wp\/v2\/product"}],"about":[{"href":"https:\/\/chileenunacaja.cl\/inicio\/wp-json\/wp\/v2\/types\/product"}],"wp:featuredmedia":[{"embeddable":true,"href":"https:\/\/chileenunacaja.cl\/inicio\/wp-json\/wp\/v2\/media\/4329"}],"wp:attachment":[{"href":"https:\/\/chileenunacaja.cl\/inicio\/wp-json\/wp\/v2\/media?parent=2841"}],"curies":[{"name":"wp","href":"https:\/\/api.w.org\/{rel}","templated":true}]}}