{"id":3511,"date":"2019-08-16T15:13:07","date_gmt":"2019-08-16T15:13:07","guid":{"rendered":"https:\/\/chileenunacaja.cl\/?post_type=product&#038;p=3511"},"modified":"2024-01-04T20:57:00","modified_gmt":"2024-01-04T20:57:00","slug":"pocillo-y-tabla-de-madera-con-sal-de-mina-cod-corgou206","status":"publish","type":"product","link":"https:\/\/chileenunacaja.cl\/inicio\/producto\/pocillo-y-tabla-de-madera-con-sal-de-mina-cod-corgou206\/","title":{"rendered":"Pocillo y tabla de madera con sal de mina COD: *CORGOU206"},"content":{"rendered":"<p>Pocillo, cucharita y tabla peque\u00f1a de madera realizados por artesanos de la Regi\u00f3n de la Araucan\u00eda.<\/p>\n<p>+ Molinillo con sal de 65 grs. Sal de mina con merken,\u00a0 aceituna, lim\u00f3n de pica, carmen\u00e8re, jenjjbre, pimienta chilota\u00a0 o\u00a0 ajo.<\/p>\n<p>Incluye logo de la empresa grabado en uno de los art\u00edculos de madera.<\/p>\n<p>Presentaci\u00f3n en\u00a0 caja negra. Incluye tarjeta fiestas patrias con saludo y logo de empresa.<\/p>\n","protected":false},"excerpt":{"rendered":"<p>Pocillo, cucharita y tabla peque\u00f1a de madera realizados por artesanos de la Regi\u00f3n de la Araucan\u00eda.<\/p>\n<h6><strong>Precios en base a 30 unidades.<\/strong> Descuentos por 50, 100, 300 y 500 unidades. Precios no incluyen IVA.\u00a0<em><a href=\"https:\/\/chileenunacaja.cl\/tabla-de-descuentos\/\"><strong>Ver<\/strong> <strong>tabla de descuentos.\u00a0<\/strong><\/a><\/em><\/h6>\n<p>&nbsp;<\/p>\n","protected":false},"featured_media":6001,"template":"","meta":{"_et_pb_use_builder":"","_et_pb_old_content":""},"class_list":["post-3511","product","type-product","status-publish","has-post-thumbnail","hentry","product_cat-gourmet"],"_links":{"self":[{"href":"https:\/\/chileenunacaja.cl\/inicio\/wp-json\/wp\/v2\/product\/3511","targetHints":{"allow":["GET"]}}],"collection":[{"href":"https:\/\/chileenunacaja.cl\/inicio\/wp-json\/wp\/v2\/product"}],"about":[{"href":"https:\/\/chileenunacaja.cl\/inicio\/wp-json\/wp\/v2\/types\/product"}],"wp:featuredmedia":[{"embeddable":true,"href":"https:\/\/chileenunacaja.cl\/inicio\/wp-json\/wp\/v2\/media\/6001"}],"wp:attachment":[{"href":"https:\/\/chileenunacaja.cl\/inicio\/wp-json\/wp\/v2\/media?parent=3511"}],"curies":[{"name":"wp","href":"https:\/\/api.w.org\/{rel}","templated":true}]}}