{"id":3595,"date":"2019-09-13T18:01:53","date_gmt":"2019-09-13T18:01:53","guid":{"rendered":"https:\/\/chileenunacaja.cl\/?post_type=product&#038;p=3595"},"modified":"2025-12-29T20:38:45","modified_gmt":"2025-12-29T20:38:45","slug":"tabla-dulce-mickelsen-cod-cordul039","status":"publish","type":"product","link":"https:\/\/chileenunacaja.cl\/inicio\/producto\/tabla-dulce-mickelsen-cod-cordul039\/","title":{"rendered":"Tabla dulce Mickelsen   COD: *CORDUL039"},"content":{"rendered":"<p>Atractiva combinaci\u00f3n para compartir, bandeja de aperitivo con pocillo y cuchara confeccionados en raul\u00ed por artesanos de la Araucan\u00eda.<\/p>\n<p>Acompa\u00f1ado de mermelada Mickelsen de 200 gr con az\u00facar\u00a0 puede elegir entre: ar\u00e1ndano, frambuesa, frutilla, durazno, damasco. Mermelada Mickelsen diet de durazno o damasco 200 gr. Miel Mickelsen de 200 gr.<\/p>\n<p>Fina presentaci\u00f3n en caja de cart\u00f3n forrado negro con cinta.<\/p>\n<p>Incluye tarjeta de saludo personalizado con dise\u00f1o navide\u00f1o.<\/p>\n","protected":false},"excerpt":{"rendered":"<div class=\"descripcion\">\n<p>Atractiva combinaci\u00f3n para compartir.<\/p>\n<\/div>\n<h6><strong>Precios en base a 30 unidades.<\/strong> Descuentos por 50, 100, 300 y 500 unidades. Precios no incluyen IVA.\u00a0<em><a href=\"https:\/\/chileenunacaja.cl\/tabla-de-descuentos\/\"><strong>Ver<\/strong> <strong>tabla de descuentos.\u00a0<\/strong><\/a><\/em><\/h6>\n","protected":false},"featured_media":4379,"template":"","meta":{"_et_pb_use_builder":"","_et_pb_old_content":""},"class_list":["post-3595","product","type-product","status-publish","has-post-thumbnail","hentry","product_cat-dias-especiales","product_cat-gourmet","product_cat-ofertas"],"_links":{"self":[{"href":"https:\/\/chileenunacaja.cl\/inicio\/wp-json\/wp\/v2\/product\/3595","targetHints":{"allow":["GET"]}}],"collection":[{"href":"https:\/\/chileenunacaja.cl\/inicio\/wp-json\/wp\/v2\/product"}],"about":[{"href":"https:\/\/chileenunacaja.cl\/inicio\/wp-json\/wp\/v2\/types\/product"}],"wp:featuredmedia":[{"embeddable":true,"href":"https:\/\/chileenunacaja.cl\/inicio\/wp-json\/wp\/v2\/media\/4379"}],"wp:attachment":[{"href":"https:\/\/chileenunacaja.cl\/inicio\/wp-json\/wp\/v2\/media?parent=3595"}],"curies":[{"name":"wp","href":"https:\/\/api.w.org\/{rel}","templated":true}]}}