{"id":3692,"date":"2019-10-09T19:45:04","date_gmt":"2019-10-09T19:45:04","guid":{"rendered":"https:\/\/chileenunacaja.cl\/?post_type=product&#038;p=3692"},"modified":"2024-01-04T20:54:30","modified_gmt":"2024-01-04T20:54:30","slug":"set-4-hierbas-o-especias-en-tubo-de-ensayo-cod-corgou131","status":"publish","type":"product","link":"https:\/\/chileenunacaja.cl\/inicio\/producto\/set-4-hierbas-o-especias-en-tubo-de-ensayo-cod-corgou131\/","title":{"rendered":"Set 4 hierbas o especias en tubo de ensayo COD: *CORGOU131"},"content":{"rendered":"<p>Una excelente alternativa para agregar sabor a tus preparaciones y armar su propio laboratorio en su cocina. Cuatro tubos de ensayo de hierbas o especias. Cada tubo mide 15 cm, 2 cm de di\u00e1metro m\u00e1s tapa de corcho,\u00a0 en base de madera nativa grabada con el logo de la empresa.<\/p>\n<p>Algunas alternativas son:\u00a0 Aj\u00ed Cacho Cabra Ahumado, Ajo escamas, Albahaca, Canela, Cilantro semillas, Comino Alem\u00e1n, C\u00farcuma, Eneldo, Estrag\u00f3n franc\u00e9s, Fenogreco (hierba Maggi), Mejorana, Mostaza Amarilla. Presentaci\u00f3n en bolsa de pape kraft negra . Incluye tarjeta de saludo<\/p>\n","protected":false},"excerpt":{"rendered":"<p>Una excelente alternativa para agregar sabor a tus preparaciones y armar su propio laboratorio en su cocina.<\/p>\n<h6><strong>Precios en base a 30 unidades.<\/strong> Descuentos por 50, 100, 300 y 500 unidades. Precios no incluyen IVA.\u00a0<em><a href=\"https:\/\/chileenunacaja.cl\/tabla-de-descuentos\/\"><strong>Ver<\/strong> <strong>tabla de descuentos.\u00a0<\/strong><\/a><\/em><\/h6>\n<p>&nbsp;<\/p>\n","protected":false},"featured_media":3693,"template":"","meta":{"_et_pb_use_builder":"","_et_pb_old_content":""},"class_list":["post-3692","product","type-product","status-publish","has-post-thumbnail","hentry","product_cat-gourmet","product_cat-madera"],"_links":{"self":[{"href":"https:\/\/chileenunacaja.cl\/inicio\/wp-json\/wp\/v2\/product\/3692","targetHints":{"allow":["GET"]}}],"collection":[{"href":"https:\/\/chileenunacaja.cl\/inicio\/wp-json\/wp\/v2\/product"}],"about":[{"href":"https:\/\/chileenunacaja.cl\/inicio\/wp-json\/wp\/v2\/types\/product"}],"wp:featuredmedia":[{"embeddable":true,"href":"https:\/\/chileenunacaja.cl\/inicio\/wp-json\/wp\/v2\/media\/3693"}],"wp:attachment":[{"href":"https:\/\/chileenunacaja.cl\/inicio\/wp-json\/wp\/v2\/media?parent=3692"}],"curies":[{"name":"wp","href":"https:\/\/api.w.org\/{rel}","templated":true}]}}