{"id":3697,"date":"2019-10-09T19:54:12","date_gmt":"2019-10-09T19:54:12","guid":{"rendered":"https:\/\/chileenunacaja.cl\/?post_type=product&#038;p=3697"},"modified":"2024-01-04T20:52:49","modified_gmt":"2024-01-04T20:52:49","slug":"aceitunas-con-pocillo-y-pinchos-de-madera-cod-corgou169","status":"publish","type":"product","link":"https:\/\/chileenunacaja.cl\/inicio\/producto\/aceitunas-con-pocillo-y-pinchos-de-madera-cod-corgou169\/","title":{"rendered":"Aceitunas con pocillo y pinchos de madera COD: *CORGOU169"},"content":{"rendered":"<p>Pocillo y set de 12 pinchos fabricados en madera de raul\u00ed por artesanos de la regi\u00f3n de la Araucan\u00eda, acompa\u00f1ados de unas maravillosas aceitunas a la siciliana, 400 grs.<\/p>\n<p>Presentaci\u00f3n en caja troquelada negra.<\/p>\n<p>Incluye tarjeta de saludo personalizado con dise\u00f1o navide\u00f1o.<\/p>\n","protected":false},"excerpt":{"rendered":"<p>Hermosa bandeja, pocillo y cuchara de madera realizada con maderas nativas del sur de Chile, acompa\u00f1ada de saco Sal de Mar de C\u00e1huil.<\/p>\n<h6><strong>Precios en base a 30 unidades.<\/strong> Descuentos por 50, 100, 300 y 500 unidades. Precios no incluyen IVA.\u00a0<em><a href=\"https:\/\/chileenunacaja.cl\/tabla-de-descuentos\/\"><strong>Ver<\/strong> <strong>tabla de descuentos.\u00a0<\/strong><\/a><\/em><\/h6>\n<p>&nbsp;<\/p>\n","protected":false},"featured_media":4383,"template":"","meta":{"_et_pb_use_builder":"","_et_pb_old_content":""},"class_list":["post-3697","product","type-product","status-publish","has-post-thumbnail","hentry","product_cat-dias-especiales","product_cat-gourmet","product_cat-madera","product_cat-ofertas"],"_links":{"self":[{"href":"https:\/\/chileenunacaja.cl\/inicio\/wp-json\/wp\/v2\/product\/3697","targetHints":{"allow":["GET"]}}],"collection":[{"href":"https:\/\/chileenunacaja.cl\/inicio\/wp-json\/wp\/v2\/product"}],"about":[{"href":"https:\/\/chileenunacaja.cl\/inicio\/wp-json\/wp\/v2\/types\/product"}],"wp:featuredmedia":[{"embeddable":true,"href":"https:\/\/chileenunacaja.cl\/inicio\/wp-json\/wp\/v2\/media\/4383"}],"wp:attachment":[{"href":"https:\/\/chileenunacaja.cl\/inicio\/wp-json\/wp\/v2\/media?parent=3697"}],"curies":[{"name":"wp","href":"https:\/\/api.w.org\/{rel}","templated":true}]}}