{"id":3745,"date":"2019-10-23T20:39:33","date_gmt":"2019-10-23T20:39:33","guid":{"rendered":"https:\/\/chileenunacaja.cl\/?post_type=product&#038;p=3745"},"modified":"2024-01-04T20:51:39","modified_gmt":"2024-01-04T20:51:39","slug":"te-la-teteria-con-infusor-y-cuchara-cod-corhie040","status":"publish","type":"product","link":"https:\/\/chileenunacaja.cl\/inicio\/producto\/te-la-teteria-con-infusor-y-cuchara-cod-corhie040\/","title":{"rendered":"T\u00e9 la Teter\u00eda con infusor y cuchara   COD: *CORHIE040"},"content":{"rendered":"<p>Exquisito sachet de t\u00e9 La Teter\u00eda (50 grs.) de diferentes variedades o sabores m\u00e1s infusor met\u00e1lico tipo pinza para realizar la infusi\u00f3n en la taza.<\/p>\n<p>Incluye\u00a0 cuchara de madera ecol\u00f3gica grabada con el logo de la empresa.<\/p>\n<p>Presentaci\u00f3n en bolsa de kraft impresa a un color o tarjeta de saludo.<\/p>\n","protected":false},"excerpt":{"rendered":"<p>t\u00e9 La Teter\u00eda con infusor y cuchara de madera.<\/p>\n<h6><strong>Precios en base a 30 unidades.<\/strong> Descuentos por 50, 100, 300 y 500 unidades. Precios no incluyen IVA.\u00a0<em><a href=\"https:\/\/chileenunacaja.cl\/tabla-de-descuentos\/\"><strong>Ver<\/strong> <strong>tabla de descuentos.\u00a0<\/strong><\/a><\/em><\/h6>\n","protected":false},"featured_media":4396,"template":"","meta":{"_et_pb_use_builder":"","_et_pb_old_content":""},"class_list":["post-3745","product","type-product","status-publish","has-post-thumbnail","hentry","product_cat-dias-especiales","product_cat-gourmet"],"_links":{"self":[{"href":"https:\/\/chileenunacaja.cl\/inicio\/wp-json\/wp\/v2\/product\/3745","targetHints":{"allow":["GET"]}}],"collection":[{"href":"https:\/\/chileenunacaja.cl\/inicio\/wp-json\/wp\/v2\/product"}],"about":[{"href":"https:\/\/chileenunacaja.cl\/inicio\/wp-json\/wp\/v2\/types\/product"}],"wp:featuredmedia":[{"embeddable":true,"href":"https:\/\/chileenunacaja.cl\/inicio\/wp-json\/wp\/v2\/media\/4396"}],"wp:attachment":[{"href":"https:\/\/chileenunacaja.cl\/inicio\/wp-json\/wp\/v2\/media?parent=3745"}],"curies":[{"name":"wp","href":"https:\/\/api.w.org\/{rel}","templated":true}]}}