{"id":3752,"date":"2019-10-25T17:21:44","date_gmt":"2019-10-25T17:21:44","guid":{"rendered":"https:\/\/chileenunacaja.cl\/?post_type=product&#038;p=3752"},"modified":"2024-01-04T20:49:48","modified_gmt":"2024-01-04T20:49:48","slug":"te-la-teteria-con-infusor-cod-corhie039","status":"publish","type":"product","link":"https:\/\/chileenunacaja.cl\/inicio\/producto\/te-la-teteria-con-infusor-cod-corhie039\/","title":{"rendered":"T\u00e9 la Teter\u00eda con infusor  COD: *CORHIE039"},"content":{"rendered":"<p>Exquisito sachet de t\u00e9 La Teter\u00eda (50 grs.) de diferentes variedades o sabores m\u00e1s infusor met\u00e1lico tipo pinza para realizar la infusi\u00f3n en la taza.<\/p>\n<p>Presentaci\u00f3n en bolsa de kraft impresa a un color o tarjeta de saludo.<\/p>\n","protected":false},"excerpt":{"rendered":"<p>t\u00e9 La Teter\u00eda con infusor<\/p>\n<h6><strong>Precios en base a 30 unidades.<\/strong> Descuentos por 50, 100, 300 y 500 unidades. Precios no incluyen IVA.\u00a0<em><a href=\"https:\/\/chileenunacaja.cl\/tabla-de-descuentos\/\"><strong>Ver<\/strong> <strong>tabla de descuentos.\u00a0<\/strong><\/a><\/em><\/h6>\n","protected":false},"featured_media":4400,"template":"","meta":{"_et_pb_use_builder":"","_et_pb_old_content":""},"class_list":["post-3752","product","type-product","status-publish","has-post-thumbnail","hentry","product_cat-dias-especiales","product_cat-gourmet","product_cat-ofertas"],"_links":{"self":[{"href":"https:\/\/chileenunacaja.cl\/inicio\/wp-json\/wp\/v2\/product\/3752","targetHints":{"allow":["GET"]}}],"collection":[{"href":"https:\/\/chileenunacaja.cl\/inicio\/wp-json\/wp\/v2\/product"}],"about":[{"href":"https:\/\/chileenunacaja.cl\/inicio\/wp-json\/wp\/v2\/types\/product"}],"wp:featuredmedia":[{"embeddable":true,"href":"https:\/\/chileenunacaja.cl\/inicio\/wp-json\/wp\/v2\/media\/4400"}],"wp:attachment":[{"href":"https:\/\/chileenunacaja.cl\/inicio\/wp-json\/wp\/v2\/media?parent=3752"}],"curies":[{"name":"wp","href":"https:\/\/api.w.org\/{rel}","templated":true}]}}