{"id":3756,"date":"2019-10-25T17:35:45","date_gmt":"2019-10-25T17:35:45","guid":{"rendered":"https:\/\/chileenunacaja.cl\/?post_type=product&#038;p=3756"},"modified":"2022-12-29T16:49:30","modified_gmt":"2022-12-29T16:49:30","slug":"tazon-con-cafe-y-cuchara-cod-corvid035","status":"publish","type":"product","link":"https:\/\/chileenunacaja.cl\/inicio\/producto\/tazon-con-cafe-y-cuchara-cod-corvid035\/","title":{"rendered":"Taz\u00f3n con caf\u00e9 y cuchara  COD: *CORVID035"},"content":{"rendered":"<p>Set compuesto por exquisito caf\u00e9 instant\u00e1neo de 55 grs. Caf\u00e9 ingl\u00e9s sin gluten, sin az\u00facar ni leche. Sabores disponibles: doble chocolate, chocolate naranja, almendra\u00a0 amaretto, vainilla, pan gengibre, cremoso caramelo o\u00a0 crema irlandesa.<\/p>\n<p>Taz\u00f3n de vidrio con logo.<\/p>\n<p>Incluye tarjeta.<\/p>\n<p>Presentacion en caja negra.<\/p>\n","protected":false},"excerpt":{"rendered":"<div class=\"descripcion\">\n<p><b>Taz\u00f3n con caf\u00e9 y cuchara<\/b><\/p>\n<\/div>\n<h6><strong>Precios en base a 30 unidades.<\/strong> Descuentos por 50, 100, 300 y 500 unidades. Precios no incluyen IVA.\u00a0<em><a href=\"https:\/\/chileenunacaja.cl\/tabla-de-descuentos\/\"><strong>Ver<\/strong> <strong>tabla de descuentos.\u00a0<\/strong><\/a><\/em><\/h6>\n","protected":false},"featured_media":4397,"template":"","meta":{"_et_pb_use_builder":"","_et_pb_old_content":""},"class_list":["post-3756","product","type-product","status-publish","has-post-thumbnail","hentry","product_cat-dias-especiales","product_cat-gourmet","product_cat-vidrio"],"_links":{"self":[{"href":"https:\/\/chileenunacaja.cl\/inicio\/wp-json\/wp\/v2\/product\/3756","targetHints":{"allow":["GET"]}}],"collection":[{"href":"https:\/\/chileenunacaja.cl\/inicio\/wp-json\/wp\/v2\/product"}],"about":[{"href":"https:\/\/chileenunacaja.cl\/inicio\/wp-json\/wp\/v2\/types\/product"}],"wp:featuredmedia":[{"embeddable":true,"href":"https:\/\/chileenunacaja.cl\/inicio\/wp-json\/wp\/v2\/media\/4397"}],"wp:attachment":[{"href":"https:\/\/chileenunacaja.cl\/inicio\/wp-json\/wp\/v2\/media?parent=3756"}],"curies":[{"name":"wp","href":"https:\/\/api.w.org\/{rel}","templated":true}]}}