{"id":3928,"date":"2019-12-05T20:39:35","date_gmt":"2019-12-05T20:39:35","guid":{"rendered":"https:\/\/chileenunacaja.cl\/?post_type=product&#038;p=3928"},"modified":"2025-12-29T20:37:29","modified_gmt":"2025-12-29T20:37:29","slug":"tabla-mermeladas-cod-cordul061","status":"publish","type":"product","link":"https:\/\/chileenunacaja.cl\/inicio\/producto\/tabla-mermeladas-cod-cordul061\/","title":{"rendered":"Tabla mermeladas   COD: *CORDUL061"},"content":{"rendered":"<p>Atractiva combinaci\u00f3n para compartir, bandeja de aperitivo con pocillo y cuchara confeccionados en raul\u00ed por artesanos de la Araucan\u00eda.<\/p>\n<p>Acompa\u00f1ado de mermelada Mickelsen de 200 gr con az\u00facar\u00a0 puede elegir entre: ar\u00e1ndano, frambuesa, frutilla, durazno, damasco.<\/p>\n<p>Presentaci\u00f3n en bolsa de papel kraft con serigrafia a un color o tarjeta de saludo personalizado.<\/p>\n","protected":false},"excerpt":{"rendered":"<div class=\"descripcion\">\n<p>Atractiva combinaci\u00f3n para compartir.<\/p>\n<\/div>\n<h6><strong>Precios en base a 30 unidades.<\/strong> Descuentos por 50, 100, 300 y 500 unidades. Precios no incluyen IVA.\u00a0<em><a href=\"https:\/\/chileenunacaja.cl\/tabla-de-descuentos\/\"><strong>Ver<\/strong> <strong>tabla de descuentos.\u00a0<\/strong><\/a><\/em><\/h6>\n","protected":false},"featured_media":4729,"template":"","meta":{"_et_pb_use_builder":"","_et_pb_old_content":""},"class_list":["post-3928","product","type-product","status-publish","has-post-thumbnail","hentry","product_cat-cumpleanos","product_cat-cumpleanos-log","product_cat-gourmet","product_cat-madera","product_cat-ofertas"],"_links":{"self":[{"href":"https:\/\/chileenunacaja.cl\/inicio\/wp-json\/wp\/v2\/product\/3928","targetHints":{"allow":["GET"]}}],"collection":[{"href":"https:\/\/chileenunacaja.cl\/inicio\/wp-json\/wp\/v2\/product"}],"about":[{"href":"https:\/\/chileenunacaja.cl\/inicio\/wp-json\/wp\/v2\/types\/product"}],"wp:featuredmedia":[{"embeddable":true,"href":"https:\/\/chileenunacaja.cl\/inicio\/wp-json\/wp\/v2\/media\/4729"}],"wp:attachment":[{"href":"https:\/\/chileenunacaja.cl\/inicio\/wp-json\/wp\/v2\/media?parent=3928"}],"curies":[{"name":"wp","href":"https:\/\/api.w.org\/{rel}","templated":true}]}}