{"id":3930,"date":"2019-12-05T20:42:11","date_gmt":"2019-12-05T20:42:11","guid":{"rendered":"https:\/\/chileenunacaja.cl\/?post_type=product&#038;p=3930"},"modified":"2024-07-18T16:43:32","modified_gmt":"2024-07-18T16:43:32","slug":"tazon-de-vidrio-con-2-cajas-de-te-en-hojas-cod-corvid037","status":"publish","type":"product","link":"https:\/\/chileenunacaja.cl\/inicio\/producto\/tazon-de-vidrio-con-2-cajas-de-te-en-hojas-cod-corvid037\/","title":{"rendered":"Taz\u00f3n de vidrio con 2 cajas de t\u00e9 en hojas COD: *CORVID037"},"content":{"rendered":"<p>Taz\u00f3n de vidrio con logo de la empresa grabado con laser o saludo de cumplea\u00f1os, acompa\u00f1ado de dos cajas de t\u00e9 en hojas\u00a0 de 20 grs cada una, de diferentes sabores: Ceylan Supreme, Earl Grey, Moroccan Mint Green Tea o Green Tea Jasmine.<\/p>\n<p>M\u00e1s\u00a0 infusor met\u00e1lico.<\/p>\n<p>Presentado en caja troquelada negra.<\/p>\n<p>Incluye tarjeta.<\/p>\n","protected":false},"excerpt":{"rendered":"<div class=\"descripcion\">\n<p><b>Taz\u00f3n con t\u00e9 en hojas<\/b><\/p>\n<\/div>\n<h6><strong>Precios en base a 30 unidades.<\/strong> Descuentos por 50, 100, 300 y 500 unidades. Precios no incluyen IVA.\u00a0<em><a href=\"https:\/\/chileenunacaja.cl\/tabla-de-descuentos\/\"><strong>Ver<\/strong> <strong>tabla de descuentos.\u00a0<\/strong><\/a><\/em><\/h6>\n","protected":false},"featured_media":4728,"template":"","meta":{"_et_pb_use_builder":"","_et_pb_old_content":""},"class_list":["post-3930","product","type-product","status-publish","has-post-thumbnail","hentry","product_cat-cumpleanos","product_cat-cumpleanos-log","product_cat-dias-especiales","product_cat-gourmet","product_cat-ofertas","product_cat-vidrio"],"_links":{"self":[{"href":"https:\/\/chileenunacaja.cl\/inicio\/wp-json\/wp\/v2\/product\/3930","targetHints":{"allow":["GET"]}}],"collection":[{"href":"https:\/\/chileenunacaja.cl\/inicio\/wp-json\/wp\/v2\/product"}],"about":[{"href":"https:\/\/chileenunacaja.cl\/inicio\/wp-json\/wp\/v2\/types\/product"}],"wp:featuredmedia":[{"embeddable":true,"href":"https:\/\/chileenunacaja.cl\/inicio\/wp-json\/wp\/v2\/media\/4728"}],"wp:attachment":[{"href":"https:\/\/chileenunacaja.cl\/inicio\/wp-json\/wp\/v2\/media?parent=3930"}],"curies":[{"name":"wp","href":"https:\/\/api.w.org\/{rel}","templated":true}]}}