{"id":4035,"date":"2020-01-14T14:42:42","date_gmt":"2020-01-14T14:42:42","guid":{"rendered":"https:\/\/chileenunacaja.cl\/?post_type=product&#038;p=4035"},"modified":"2022-05-09T14:49:05","modified_gmt":"2022-05-09T14:49:05","slug":"balsamo-labial-cod-cormuj136","status":"publish","type":"product","link":"https:\/\/chileenunacaja.cl\/inicio\/producto\/balsamo-labial-cod-cormuj136\/","title":{"rendered":"B\u00e1lsamo labial  COD: *CORMUJ136"},"content":{"rendered":"<p>B\u00e1lsamo labial hidratante enriquecido con aceite de coco, manteca de karit\u00e9,\u00a0 aceite de macadamia, manteca de cacao. Protege e hidrata los labios de forma natural y duradera libres de qu\u00edmicos. Fragancias disponibles: t\u00e9 verde, lemon grass &amp;verbena, mandarina &amp; mango , hibiscus o maqui. Tubo 5 ml.<\/p>\n<p>Presentaci\u00f3n en sobre kraft impreso con saludo.<\/p>\n","protected":false},"excerpt":{"rendered":"<div class=\"descripcion\">\n<p>B\u00e1lsamo labial hidratante.<\/p>\n<\/div>\n<h6><strong>Precios en base a 30 unidades.<\/strong> Descuentos por 50, 100, 300 y 500 unidades. Precios no incluyen IVA.\u00a0<em><a href=\"https:\/\/chileenunacaja.cl\/tabla-de-descuentos\/\"><strong>Ver<\/strong> <strong>tabla de descuentos.\u00a0<\/strong><\/a><\/em><\/h6>\n","protected":false},"featured_media":4335,"template":"","meta":{"_et_pb_use_builder":"","_et_pb_old_content":""},"class_list":["post-4035","product","type-product","status-publish","has-post-thumbnail","hentry","product_cat-dias-especiales","product_cat-mujer","product_cat-mujer-log"],"_links":{"self":[{"href":"https:\/\/chileenunacaja.cl\/inicio\/wp-json\/wp\/v2\/product\/4035","targetHints":{"allow":["GET"]}}],"collection":[{"href":"https:\/\/chileenunacaja.cl\/inicio\/wp-json\/wp\/v2\/product"}],"about":[{"href":"https:\/\/chileenunacaja.cl\/inicio\/wp-json\/wp\/v2\/types\/product"}],"wp:featuredmedia":[{"embeddable":true,"href":"https:\/\/chileenunacaja.cl\/inicio\/wp-json\/wp\/v2\/media\/4335"}],"wp:attachment":[{"href":"https:\/\/chileenunacaja.cl\/inicio\/wp-json\/wp\/v2\/media?parent=4035"}],"curies":[{"name":"wp","href":"https:\/\/api.w.org\/{rel}","templated":true}]}}