{"id":4037,"date":"2020-01-14T14:46:07","date_gmt":"2020-01-14T14:46:07","guid":{"rendered":"https:\/\/chileenunacaja.cl\/?post_type=product&#038;p=4037"},"modified":"2024-05-13T23:54:46","modified_gmt":"2024-05-13T23:54:46","slug":"agua-de-rosas-cod-cormuj137","status":"publish","type":"product","link":"https:\/\/chileenunacaja.cl\/inicio\/producto\/agua-de-rosas-cod-cormuj137\/","title":{"rendered":"Agua de Rosas COD: *CORMUJ137"},"content":{"rendered":"<p>Agua de Rosas, loci\u00f3n facial o corporal que se obtiene por la deshidrataci\u00f3n de los p\u00e9talos de rosa, para refrescar y humectar todo tipo de cutis, loci\u00f3n noble y amigable para todo tipo de piel.<\/p>\n<p>Formato 60 ml.<\/p>\n<p>Presentaci\u00f3n en sobre kraft impreso con saludo.<\/p>\n","protected":false},"excerpt":{"rendered":"<div class=\"descripcion\">\n<p>Agua de rosas.<\/p>\n<\/div>\n<h6><strong>Precios en base a 30 unidades.<\/strong> Descuentos por 50, 100, 300 y 500 unidades. Precios no incluyen IVA.\u00a0<em><a href=\"https:\/\/chileenunacaja.cl\/tabla-de-descuentos\/\"><strong>Ver<\/strong> <strong>tabla de descuentos.\u00a0<\/strong><\/a><\/em><\/h6>\n","protected":false},"featured_media":4038,"template":"","meta":{"_et_pb_use_builder":"","_et_pb_old_content":""},"class_list":["post-4037","product","type-product","status-publish","has-post-thumbnail","hentry","product_cat-dias-especiales","product_cat-mujer","product_cat-mujer-log"],"_links":{"self":[{"href":"https:\/\/chileenunacaja.cl\/inicio\/wp-json\/wp\/v2\/product\/4037","targetHints":{"allow":["GET"]}}],"collection":[{"href":"https:\/\/chileenunacaja.cl\/inicio\/wp-json\/wp\/v2\/product"}],"about":[{"href":"https:\/\/chileenunacaja.cl\/inicio\/wp-json\/wp\/v2\/types\/product"}],"wp:featuredmedia":[{"embeddable":true,"href":"https:\/\/chileenunacaja.cl\/inicio\/wp-json\/wp\/v2\/media\/4038"}],"wp:attachment":[{"href":"https:\/\/chileenunacaja.cl\/inicio\/wp-json\/wp\/v2\/media?parent=4037"}],"curies":[{"name":"wp","href":"https:\/\/api.w.org\/{rel}","templated":true}]}}