{"id":4205,"date":"2020-02-14T15:02:37","date_gmt":"2020-02-14T15:02:37","guid":{"rendered":"https:\/\/chileenunacaja.cl\/?post_type=product&#038;p=4205"},"modified":"2024-04-15T19:33:02","modified_gmt":"2024-04-15T19:33:02","slug":"macetero-fibra-de-coco-mas-semillas-pequeno-bolsa-genero-cod-coreco015","status":"publish","type":"product","link":"https:\/\/chileenunacaja.cl\/inicio\/producto\/macetero-fibra-de-coco-mas-semillas-pequeno-bolsa-genero-cod-coreco015\/","title":{"rendered":"Macetero fibra de coco mas semillas peque\u00f1o bolsa g\u00e9nero  COD: *CORECO015"},"content":{"rendered":"<p>Cultiva tus sentimientos a trav\u00e9s de este kit de siembra que incluye: un macetero fibra de coco peque\u00f1o + 1 comprimido tierra en forma de pastilla + bolsita semillas cilantro, ciboulette, albahaca, zinnia, o cal\u00e9ndula.<\/p>\n<p>Presentaci\u00f3n en bolsa de tnt color blanco.<\/p>\n<p>Incluye tarjeta explicativa de la siembra.<\/p>\n","protected":false},"excerpt":{"rendered":"<div class=\"descripcion\">\n<p>Peque\u00f1o kit de siembra.<\/p>\n<\/div>\n<h6><strong>Precios en base a 30 unidades.<\/strong> Descuentos por 50, 100, 300 y 500 unidades. Precios no incluyen IVA.\u00a0<em><a href=\"https:\/\/chileenunacaja.cl\/tabla-de-descuentos\/\"><strong>Ver<\/strong> <strong>tabla de descuentos.\u00a0<\/strong><\/a><\/em><\/h6>\n","protected":false},"featured_media":4206,"template":"","meta":{"_et_pb_use_builder":"","_et_pb_old_content":""},"class_list":["post-4205","product","type-product","status-publish","has-post-thumbnail","hentry","product_cat-dias-especiales","product_cat-ecologicos","product_cat-ecologicos-registrados","product_cat-mujer","product_cat-mujer-log"],"_links":{"self":[{"href":"https:\/\/chileenunacaja.cl\/inicio\/wp-json\/wp\/v2\/product\/4205","targetHints":{"allow":["GET"]}}],"collection":[{"href":"https:\/\/chileenunacaja.cl\/inicio\/wp-json\/wp\/v2\/product"}],"about":[{"href":"https:\/\/chileenunacaja.cl\/inicio\/wp-json\/wp\/v2\/types\/product"}],"wp:featuredmedia":[{"embeddable":true,"href":"https:\/\/chileenunacaja.cl\/inicio\/wp-json\/wp\/v2\/media\/4206"}],"wp:attachment":[{"href":"https:\/\/chileenunacaja.cl\/inicio\/wp-json\/wp\/v2\/media?parent=4205"}],"curies":[{"name":"wp","href":"https:\/\/api.w.org\/{rel}","templated":true}]}}